{"id":2514,"date":"2023-11-13T23:25:04","date_gmt":"2023-11-13T23:25:04","guid":{"rendered":"https:\/\/smartsightings.com\/?page_id=2514"},"modified":"2026-02-13T18:56:14","modified_gmt":"2026-02-13T18:56:14","slug":"about","status":"publish","type":"page","link":"https:\/\/smartsightings.com\/de\/about\/","title":{"rendered":"\u00dcber uns \u2014 SmartSightings"},"content":{"rendered":"<div class=\"mx-5 sm:mx-0 prose leading-relaxed text-lg mb-5 text-left wp-paragraph\">\n<p><strong>Wo finanzielle Entscheidungen einfacher werden<\/strong><\/p>\n<\/div><div class=\"mx-5 sm:mx-0 prose leading-relaxed text-lg mb-5 text-left wp-paragraph\">\n<p>Willkommen bei <strong>SmartSightings<\/strong> \u2014ein Raum, der sich zum Ziel gesetzt hat, die Finanzwelt klarer, zug\u00e4nglicher und verst\u00e4ndlicher zu machen.<\/p>\n<\/div><div class=\"mx-5 sm:mx-0 prose leading-relaxed text-lg mb-5 text-left wp-paragraph\">\n<p>Wir leben in einem Zeitalter schier unendlicher Finanzm\u00f6glichkeiten, doch Klarheit ist selten. Karten, Kredite, digitale Dienstleistungen, neue Bankl\u00f6sungen: Die Auswahl kann kompliziert und sogar stressig sein. Genau da setzen wir an.<\/p>\n<\/div><div class=\"mx-5 sm:mx-0 prose leading-relaxed text-lg mb-5 text-left wp-paragraph\">\n<p>SmartSightings wurde entwickelt, um Ihnen zu helfen, sich sicher zu bewegen, indem informative, praktische und leicht verst\u00e4ndliche Inhalte bereitgestellt werden, die fundiertere Entscheidungen im Alltag erm\u00f6glichen.<\/p>\n<\/div><!--advertisement--><div class=\"mx-5 sm:mx-0 sm:text-3xl text-2xl font-medium title-font mb-4 text-gray-900 text-left\">\n<h2 class=\"wp-block-heading\" id=\"h-la-nostra-missione\">Unsere Mission<\/h2>\n<\/div><div class=\"mx-5 sm:mx-0 prose leading-relaxed text-lg mb-5 text-left wp-paragraph\">\n<p>Unsere Mission ist es, Finanzbildung auf einfache und verst\u00e4ndliche Weise zu f\u00f6rdern. Wir sind \u00fcberzeugt, dass das Verst\u00e4ndnis von Geld, Krediten und Finanzdienstleistungen kein Privileg weniger sein sollte, sondern eine F\u00e4higkeit, die jedem zug\u00e4nglich ist.<\/p>\n<\/div><div class=\"mx-5 sm:mx-0 prose leading-relaxed text-lg mb-5 text-left wp-paragraph\">\n<p>Unsere Aufgabe ist es, die verf\u00fcgbaren Optionen verst\u00e4ndlicher zu machen, indem wir Informationen vereinfachen, die oft komplex oder technisch sind.<\/p>\n<\/div><div class=\"mx-5 sm:mx-0 prose leading-relaxed text-lg mb-5 text-left wp-paragraph\">\n<p>Wir bieten keine direkten Finanzdienstleistungen an, stellen Ihnen aber informative Beratung zur Verf\u00fcgung, die Ihnen hilft, Chancen klarer und sicherer zu bewerten.<\/p>\n<\/div><!--advertisement--><div class=\"mx-5 sm:mx-0 sm:text-3xl text-2xl font-medium title-font mb-4 text-gray-900 text-left\">\n<h2 class=\"wp-block-heading\" id=\"h-il-nostro-approccio\">Unser Ansatz<\/h2>\n<\/div><div class=\"mx-5 sm:mx-0 prose leading-relaxed text-lg mb-5 text-left wp-paragraph\">\n<p>Wir glauben an Transparenz, Einfachheit und Zug\u00e4nglichkeit.<\/p>\n<\/div><div class=\"mx-5 sm:mx-0 prose leading-relaxed text-lg mb-5 text-left wp-paragraph\">\n<p>Jeder Inhalt ist so gestaltet, dass er:<\/p>\n<\/div><div class=\"mx-5 sm:mx-0 prose text-left mb-5\">\n<ul><div class=\"mx-5 sm:mx-0 prose text-left mb-5\">\n<li>Klar und leicht lesbar<\/li>\n<\/div>\n\n<div class=\"mx-5 sm:mx-0 prose text-left mb-5\">\n<li>Aktuell und relevant<\/li>\n<\/div>\n\n<div class=\"mx-5 sm:mx-0 prose text-left mb-5\">\n<li>Auf die tats\u00e4chlichen Bed\u00fcrfnisse der Menschen ausgerichtet<\/li>\n<\/div><\/ul>\n<\/div><div class=\"mx-5 sm:mx-0 prose leading-relaxed text-lg mb-5 text-left wp-paragraph\">\n<p>Unser Ziel ist es nicht, zu verkomplizieren, sondern zu vereinfachen. Nicht zu verwirren, sondern zu kl\u00e4ren.<\/p>\n<\/div><!--advertisement--><div class=\"mx-5 sm:mx-0 sm:text-3xl text-2xl font-medium title-font mb-4 text-gray-900 text-left\">\n<h2 class=\"wp-block-heading\" id=\"h-unisciti-a-noi\">Begleiten Sie uns<\/h2>\n<\/div><div class=\"mx-5 sm:mx-0 prose leading-relaxed text-lg mb-5 text-left wp-paragraph\">\n<p>Erkunden Sie SmartSightings in Ihrem eigenen Tempo und entdecken Sie umsetzbare Erkenntnisse, um intelligentere und fundiertere finanzielle Entscheidungen zu treffen.<\/p>\n<\/div><div class=\"mx-5 sm:mx-0 prose leading-relaxed text-lg mb-5 text-left wp-paragraph\">\n<p>Danke, dass Sie hier sind.<br>Wir freuen uns, Sie auf Ihrem Weg zu mehr finanzieller Sicherheit zu unterst\u00fctzen.<\/p>\n<\/div><div class=\"mx-5 sm:mx-0 prose leading-relaxed text-lg mb-5 text-left wp-paragraph\">\n<p><\/p>\n<\/div>","protected":false},"excerpt":{"rendered":"<p>Wo finanzielle Entscheidungen einfacher werden. Willkommen bei SmartSightings \u2013 einer Plattform, die sich zum Ziel gesetzt hat, die Finanzwelt transparenter, zug\u00e4nglicher und verst\u00e4ndlicher zu machen. Wir leben in einem Zeitalter, in dem die finanziellen M\u00f6glichkeiten schier unendlich sind, Klarheit aber selten. Karten, Kredite, digitale Services, neue Bankl\u00f6sungen: Die Auswahl kann kompliziert und sogar stressig werden. Hier finden Sie die L\u00f6sung\u2026 <a class=\"more-link\" href=\"https:\/\/smartsightings.com\/de\/about\/\">Weiterlesen <span class=\"screen-reader-text\">\u00dcber uns \u2014 SmartSightings<\/span><\/a><\/p>","protected":false},"author":10,"featured_media":0,"parent":0,"menu_order":0,"comment_status":"closed","ping_status":"closed","template":"","meta":{"footnotes":""},"yoast_head":"<!-- This site is optimized with the Yoast SEO Premium plugin v18.7 (Yoast SEO v19.1) - https:\/\/yoast.com\/wordpress\/plugins\/seo\/ -->\n<title>Chi Siamo \u2014 SmartSightings - Smart Sightings<\/title>\n<meta name=\"robots\" content=\"index, follow, max-snippet:-1, max-image-preview:large, max-video-preview:-1\" \/>\n<link rel=\"canonical\" href=\"https:\/\/smartsightings.com\/de\/about\/\" \/>\n<meta property=\"og:locale\" content=\"de_DE\" \/>\n<meta property=\"og:type\" content=\"article\" \/>\n<meta property=\"og:title\" content=\"Chi Siamo \u2014 SmartSightings\" \/>\n<meta property=\"og:description\" content=\"Dove le scelte finanziarie diventano pi\u00f9 semplici Benvenuti su SmartSightings \u2014 uno spazio dedicato a rendere il mondo finanziario pi\u00f9 chiaro, accessibile e comprensibile. Viviamo in un\u2019epoca in cui le opzioni finanziarie sono infinite, ma la chiarezza \u00e8 rara. Carte, prestiti, servizi digitali, nuove soluzioni bancarie: scegliere pu\u00f2 diventare complicato e persino stressante. \u00c8 qui&hellip; Continue reading Chi Siamo \u2014 SmartSightings\" \/>\n<meta property=\"og:url\" content=\"https:\/\/smartsightings.com\/de\/about\/\" \/>\n<meta property=\"og:site_name\" content=\"Smart Sightings\" \/>\n<meta property=\"article:modified_time\" content=\"2026-02-13T18:56:14+00:00\" \/>\n<meta name=\"twitter:card\" content=\"summary_large_image\" \/>\n<meta name=\"twitter:label1\" content=\"Est. reading time\" \/>\n\t<meta name=\"twitter:data1\" content=\"1 Minute\" \/>\n<script type=\"application\/ld+json\" class=\"yoast-schema-graph\">{\"@context\":\"https:\/\/schema.org\",\"@graph\":[{\"@type\":\"WebSite\",\"@id\":\"https:\/\/smartsightings.com\/#website\",\"url\":\"https:\/\/smartsightings.com\/\",\"name\":\"Smart Sightings\",\"description\":\"\",\"potentialAction\":[{\"@type\":\"SearchAction\",\"target\":{\"@type\":\"EntryPoint\",\"urlTemplate\":\"https:\/\/smartsightings.com\/?s={search_term_string}\"},\"query-input\":\"required name=search_term_string\"}],\"inLanguage\":\"de-DE\"},{\"@type\":\"WebPage\",\"@id\":\"https:\/\/smartsightings.com\/about\/#webpage\",\"url\":\"https:\/\/smartsightings.com\/about\/\",\"name\":\"Chi Siamo \u2014 SmartSightings - Smart Sightings\",\"isPartOf\":{\"@id\":\"https:\/\/smartsightings.com\/#website\"},\"datePublished\":\"2023-11-13T23:25:04+00:00\",\"dateModified\":\"2026-02-13T18:56:14+00:00\",\"breadcrumb\":{\"@id\":\"https:\/\/smartsightings.com\/about\/#breadcrumb\"},\"inLanguage\":\"de-DE\",\"potentialAction\":[{\"@type\":\"ReadAction\",\"target\":[\"https:\/\/smartsightings.com\/about\/\"]}]},{\"@type\":\"BreadcrumbList\",\"@id\":\"https:\/\/smartsightings.com\/about\/#breadcrumb\",\"itemListElement\":[{\"@type\":\"ListItem\",\"position\":1,\"name\":\"Home\",\"item\":\"https:\/\/smartsightings.com\/\"},{\"@type\":\"ListItem\",\"position\":2,\"name\":\"Chi Siamo \u2014 SmartSightings\"}]}]}<\/script>\n<!-- \/ Yoast SEO Premium plugin. -->","yoast_head_json":{"title":"Chi Siamo \u2014 SmartSightings - Smart Sightings","robots":{"index":"index","follow":"follow","max-snippet":"max-snippet:-1","max-image-preview":"max-image-preview:large","max-video-preview":"max-video-preview:-1"},"canonical":"https:\/\/smartsightings.com\/de\/about\/","og_locale":"de_DE","og_type":"article","og_title":"Chi Siamo \u2014 SmartSightings","og_description":"Dove le scelte finanziarie diventano pi\u00f9 semplici Benvenuti su SmartSightings \u2014 uno spazio dedicato a rendere il mondo finanziario pi\u00f9 chiaro, accessibile e comprensibile. Viviamo in un\u2019epoca in cui le opzioni finanziarie sono infinite, ma la chiarezza \u00e8 rara. Carte, prestiti, servizi digitali, nuove soluzioni bancarie: scegliere pu\u00f2 diventare complicato e persino stressante. \u00c8 qui&hellip; Continue reading Chi Siamo \u2014 SmartSightings","og_url":"https:\/\/smartsightings.com\/de\/about\/","og_site_name":"Smart Sightings","article_modified_time":"2026-02-13T18:56:14+00:00","twitter_card":"summary_large_image","twitter_misc":{"Est. reading time":"1 Minute"},"schema":{"@context":"https:\/\/schema.org","@graph":[{"@type":"WebSite","@id":"https:\/\/smartsightings.com\/#website","url":"https:\/\/smartsightings.com\/","name":"Smart Sightings","description":"","potentialAction":[{"@type":"SearchAction","target":{"@type":"EntryPoint","urlTemplate":"https:\/\/smartsightings.com\/?s={search_term_string}"},"query-input":"required name=search_term_string"}],"inLanguage":"de-DE"},{"@type":"WebPage","@id":"https:\/\/smartsightings.com\/about\/#webpage","url":"https:\/\/smartsightings.com\/about\/","name":"Chi Siamo \u2014 SmartSightings - Smart Sightings","isPartOf":{"@id":"https:\/\/smartsightings.com\/#website"},"datePublished":"2023-11-13T23:25:04+00:00","dateModified":"2026-02-13T18:56:14+00:00","breadcrumb":{"@id":"https:\/\/smartsightings.com\/about\/#breadcrumb"},"inLanguage":"de-DE","potentialAction":[{"@type":"ReadAction","target":["https:\/\/smartsightings.com\/about\/"]}]},{"@type":"BreadcrumbList","@id":"https:\/\/smartsightings.com\/about\/#breadcrumb","itemListElement":[{"@type":"ListItem","position":1,"name":"Home","item":"https:\/\/smartsightings.com\/"},{"@type":"ListItem","position":2,"name":"Chi Siamo \u2014 SmartSightings"}]}]}},"_links":{"self":[{"href":"https:\/\/smartsightings.com\/de\/wp-json\/wp\/v2\/pages\/2514"}],"collection":[{"href":"https:\/\/smartsightings.com\/de\/wp-json\/wp\/v2\/pages"}],"about":[{"href":"https:\/\/smartsightings.com\/de\/wp-json\/wp\/v2\/types\/page"}],"author":[{"embeddable":true,"href":"https:\/\/smartsightings.com\/de\/wp-json\/wp\/v2\/users\/10"}],"replies":[{"embeddable":true,"href":"https:\/\/smartsightings.com\/de\/wp-json\/wp\/v2\/comments?post=2514"}],"version-history":[{"count":0,"href":"https:\/\/smartsightings.com\/de\/wp-json\/wp\/v2\/pages\/2514\/revisions"}],"wp:attachment":[{"href":"https:\/\/smartsightings.com\/de\/wp-json\/wp\/v2\/media?parent=2514"}],"curies":[{"name":"wp","href":"https:\/\/api.w.org\/{rel}","templated":true}]}}