{"id":2516,"date":"2023-11-13T23:34:06","date_gmt":"2023-11-13T23:34:06","guid":{"rendered":"https:\/\/smartsightings.com\/?page_id=2516"},"modified":"2025-11-10T16:08:49","modified_gmt":"2025-11-10T16:08:49","slug":"contact","status":"publish","type":"page","link":"https:\/\/smartsightings.com\/de\/contact\/","title":{"rendered":"Kontakte"},"content":{"rendered":"<div class=\"mx-5 sm:mx-0 prose leading-relaxed text-lg mb-5 text-left wp-paragraph\">\n<p>Vielen Dank f\u00fcr Ihr Interesse an smartsightings.com! Wir freuen uns \u00fcber Ihr Feedback, Ihre Fragen und Anregungen. Z\u00f6gern Sie nicht, uns zu kontaktieren:<\/p>\n<\/div><div class=\"wp-block-lazyblock-contact lazyblock-contact-2e8pag\"><script type=\"module\"> import { Application, Controller } from \"\/wp-content\/themes\/twentytwentyone\/assets\/js\/stimulus.min.js\"; let Stimulus = Application.start(); Stimulus.register(\"contact\", class extends Controller { static get targets() { return [ \"name\", \"email\", \"message\", \"button\", \"alertMessage\", \"returnMessage\" ]; } getName() { return this.nameTarget.value; } getEmail() { return this.emailTarget.value; } getMessage() { return this.messageTarget.value; } _beforeSend(response) { response.text().then((result) => { result = JSON.parse(result); this.alertMessageTarget.innerHTML = result.alert; }) } btnSubmitDisabled(event) { if (this.getName() != \"\" && this.getEmail() != \"\" && this.getMessage() != \"\") this.buttonTarget.disabled = false; else this.buttonTarget.disabled = true; } submit() { this.buttonTarget.disabled = true; let adminAjax = location.origin + '\/wp-json\/v1\/send_contact_message'; let objectContact = { name: this.getName(), email: this.getEmail(), message: this.getMessage() }; fetch(adminAjax, { method: 'POST', credentials: 'same-origin', headers: {'Content-Type': 'application\/x-www-form-urlencoded; charset=utf-8'}, body: JSON.stringify(objectContact) }).then(response => this._beforeSend(response)); this.nameTarget.value = ''; this.emailTarget.value = ''; this.messageTarget.value = ''; this.buttonTarget.disabled = false; } }) <\/script><section data-controller=\"contact\" class=\"mx-5 sm:mx-0 text-gray-600 body-font relative\">\n    <div class=\"container px-5 mx-auto\">\n      <div class=\"lg:w-1\/2 md:w-2\/3 mx-auto\">\n        <div class=\"flex flex-wrap -m-2\">\n            <div class=\"p-2 w-1\/2\">\n                <div class=\"relative\">\n                    <label for=\"name\" class=\"leading-7 text-sm text-gray-600\">\n                        Name                    <\/label>\n                    <input data-contact-target=\"name\" data-action=\"contact#btnSubmitDisabled\" type=\"text\" id=\"name\" name=\"name\" class=\"w-full bg-gray-100 bg-opacity-50 rounded border border-gray-300 focus:border-indigo-500 focus:bg-white focus:ring-2 focus:ring-indigo-200 text-base outline-none text-gray-700 py-1 px-3 leading-8 transition-colors duration-200 ease-in-out\">\n                <\/div>\n            <\/div>\n            <div class=\"p-2 w-1\/2\">\n                <div class=\"relative\">\n                    <label for=\"email\" class=\"leading-7 text-sm text-gray-600\">\n                        E-Mail                    <\/label>\n                    <input data-contact-target=\"email\" data-action=\"contact#btnSubmitDisabled\" type=\"email\" id=\"email\" name=\"email\" class=\"w-full bg-gray-100 bg-opacity-50 rounded border border-gray-300 focus:border-indigo-500 focus:bg-white focus:ring-2 focus:ring-indigo-200 text-base outline-none text-gray-700 py-1 px-3 leading-8 transition-colors duration-200 ease-in-out\">\n                <\/div>\n            <\/div>\n            <div class=\"p-2 w-full\">\n                <div class=\"relative\">\n                    <label for=\"message\" class=\"leading-7 text-sm text-gray-600\">\n                        Nachricht                    <\/label>\n                    <textarea data-contact-target=\"message\" data-action=\"contact#btnSubmitDisabled\" id=\"message\" name=\"message\" class=\"w-full bg-gray-100 bg-opacity-50 rounded border border-gray-300 focus:border-indigo-500 focus:bg-white focus:ring-2 focus:ring-indigo-200 h-32 text-base outline-none text-gray-700 py-1 px-3 resize-none leading-6 transition-colors duration-200 ease-in-out\"><\/textarea>\n                <\/div>\n            <\/div>\n            <div class=\"p-2 w-full\">\n                <button data-contact-target=\"button\" data-action='contact#submit' class=\"flex mx-auto border-0 py-2 px-8 focus:outline-none rounded text-lg disabled:opacity-50\" disabled>\n                    Senden                <\/button>\n            <\/div>    \n            <div class=\"p-2 w-full pt-4 mt-4 text-center\" data-contact-target=\"alertMessage\">\n                <div role=\"alert\">\n                    <span class=\"block sm:inline\" data-contact-target=\"returnMessage\"><\/span>\n                <\/div>\n            <\/div>            \n        <\/div>\n      <\/div>\n    <\/div>\n<\/section>\n<\/div><div class=\"mx-5 sm:mx-0 prose leading-relaxed text-lg mb-5 text-left wp-paragraph\">\n<p>Wir stellen Ihnen gerne Informationen zur Verf\u00fcgung, vereinbaren Interviews oder unterst\u00fctzen Sie bei Medienanfragen. Wir respektieren Ihre Privatsph\u00e4re und behandeln alle Informationen, die Sie uns mitteilen, gem\u00e4\u00df unserer Datenschutzrichtlinie. Vielen Dank, dass Sie sich f\u00fcr smartsightings.com entschieden haben.<\/p>\n<\/div><div class=\"mx-5 sm:mx-0 prose leading-relaxed text-lg mb-5 text-left wp-paragraph\">\n<p>Wir freuen uns, von Ihnen zu h\u00f6ren und Ihnen nach M\u00f6glichkeit zu helfen! Herzliche Gr\u00fc\u00dfe, Ihr smartsightings-Team!<\/p>\n<\/div>","protected":false},"excerpt":{"rendered":"<p>Vielen Dank f\u00fcr Ihr Interesse an smartsightings.com! Wir freuen uns \u00fcber Ihr Feedback, Ihre Fragen und Anregungen. Z\u00f6gern Sie nicht, uns zu kontaktieren: Wir stellen Ihnen gerne Informationen zur Verf\u00fcgung, vereinbaren Interviews oder unterst\u00fctzen Sie bei Medienanfragen. Wir respektieren Ihre Privatsph\u00e4re und behandeln alle Informationen, die Sie uns mitteilen, gem\u00e4\u00df unserer Datenschutzrichtlinie. Vielen Dank f\u00fcr Ihre Entscheidung\u2026 <a class=\"more-link\" href=\"https:\/\/smartsightings.com\/de\/contact\/\">Weiterlesen <span class=\"screen-reader-text\">Kontakte<\/span><\/a><\/p>","protected":false},"author":10,"featured_media":0,"parent":0,"menu_order":0,"comment_status":"closed","ping_status":"closed","template":"","meta":{"footnotes":""},"yoast_head":"<!-- This site is optimized with the Yoast SEO Premium plugin v18.7 (Yoast SEO v19.1) - https:\/\/yoast.com\/wordpress\/plugins\/seo\/ -->\n<title>Contatti - Smart Sightings<\/title>\n<meta name=\"robots\" content=\"index, follow, max-snippet:-1, max-image-preview:large, max-video-preview:-1\" \/>\n<link rel=\"canonical\" href=\"https:\/\/smartsightings.com\/de\/contact\/\" \/>\n<meta property=\"og:locale\" content=\"de_DE\" \/>\n<meta property=\"og:type\" content=\"article\" \/>\n<meta property=\"og:title\" content=\"Contatti\" \/>\n<meta property=\"og:description\" content=\"Grazie per il vostro interesse per smartsightings.com! Apprezziamo i vostri feedback, domande e suggerimenti. Non esitate a contattarci: Siamo felici di fornire informazioni, organizzare interviste o assistere con richieste dei media. Rispettiamo la vostra privacy e tratteremo tutte le informazioni condivise con noi in conformit\u00e0 con la nostra Politica sulla Privacy. Grazie per aver scelto&hellip; Continue reading Contatti\" \/>\n<meta property=\"og:url\" content=\"https:\/\/smartsightings.com\/de\/contact\/\" \/>\n<meta property=\"og:site_name\" content=\"Smart Sightings\" \/>\n<meta property=\"article:modified_time\" content=\"2025-11-10T16:08:49+00:00\" \/>\n<meta name=\"twitter:card\" content=\"summary_large_image\" \/>\n<script type=\"application\/ld+json\" class=\"yoast-schema-graph\">{\"@context\":\"https:\/\/schema.org\",\"@graph\":[{\"@type\":\"WebSite\",\"@id\":\"https:\/\/smartsightings.com\/#website\",\"url\":\"https:\/\/smartsightings.com\/\",\"name\":\"Smart Sightings\",\"description\":\"\",\"potentialAction\":[{\"@type\":\"SearchAction\",\"target\":{\"@type\":\"EntryPoint\",\"urlTemplate\":\"https:\/\/smartsightings.com\/?s={search_term_string}\"},\"query-input\":\"required name=search_term_string\"}],\"inLanguage\":\"de-DE\"},{\"@type\":\"WebPage\",\"@id\":\"https:\/\/smartsightings.com\/contact\/#webpage\",\"url\":\"https:\/\/smartsightings.com\/contact\/\",\"name\":\"Contatti - Smart Sightings\",\"isPartOf\":{\"@id\":\"https:\/\/smartsightings.com\/#website\"},\"datePublished\":\"2023-11-13T23:34:06+00:00\",\"dateModified\":\"2025-11-10T16:08:49+00:00\",\"breadcrumb\":{\"@id\":\"https:\/\/smartsightings.com\/contact\/#breadcrumb\"},\"inLanguage\":\"de-DE\",\"potentialAction\":[{\"@type\":\"ReadAction\",\"target\":[\"https:\/\/smartsightings.com\/contact\/\"]}]},{\"@type\":\"BreadcrumbList\",\"@id\":\"https:\/\/smartsightings.com\/contact\/#breadcrumb\",\"itemListElement\":[{\"@type\":\"ListItem\",\"position\":1,\"name\":\"Home\",\"item\":\"https:\/\/smartsightings.com\/\"},{\"@type\":\"ListItem\",\"position\":2,\"name\":\"Contatti\"}]}]}<\/script>\n<!-- \/ Yoast SEO Premium plugin. -->","yoast_head_json":{"title":"Contatti - Smart Sightings","robots":{"index":"index","follow":"follow","max-snippet":"max-snippet:-1","max-image-preview":"max-image-preview:large","max-video-preview":"max-video-preview:-1"},"canonical":"https:\/\/smartsightings.com\/de\/contact\/","og_locale":"de_DE","og_type":"article","og_title":"Contatti","og_description":"Grazie per il vostro interesse per smartsightings.com! Apprezziamo i vostri feedback, domande e suggerimenti. Non esitate a contattarci: Siamo felici di fornire informazioni, organizzare interviste o assistere con richieste dei media. Rispettiamo la vostra privacy e tratteremo tutte le informazioni condivise con noi in conformit\u00e0 con la nostra Politica sulla Privacy. Grazie per aver scelto&hellip; Continue reading Contatti","og_url":"https:\/\/smartsightings.com\/de\/contact\/","og_site_name":"Smart Sightings","article_modified_time":"2025-11-10T16:08:49+00:00","twitter_card":"summary_large_image","schema":{"@context":"https:\/\/schema.org","@graph":[{"@type":"WebSite","@id":"https:\/\/smartsightings.com\/#website","url":"https:\/\/smartsightings.com\/","name":"Smart Sightings","description":"","potentialAction":[{"@type":"SearchAction","target":{"@type":"EntryPoint","urlTemplate":"https:\/\/smartsightings.com\/?s={search_term_string}"},"query-input":"required name=search_term_string"}],"inLanguage":"de-DE"},{"@type":"WebPage","@id":"https:\/\/smartsightings.com\/contact\/#webpage","url":"https:\/\/smartsightings.com\/contact\/","name":"Contatti - Smart Sightings","isPartOf":{"@id":"https:\/\/smartsightings.com\/#website"},"datePublished":"2023-11-13T23:34:06+00:00","dateModified":"2025-11-10T16:08:49+00:00","breadcrumb":{"@id":"https:\/\/smartsightings.com\/contact\/#breadcrumb"},"inLanguage":"de-DE","potentialAction":[{"@type":"ReadAction","target":["https:\/\/smartsightings.com\/contact\/"]}]},{"@type":"BreadcrumbList","@id":"https:\/\/smartsightings.com\/contact\/#breadcrumb","itemListElement":[{"@type":"ListItem","position":1,"name":"Home","item":"https:\/\/smartsightings.com\/"},{"@type":"ListItem","position":2,"name":"Contatti"}]}]}},"_links":{"self":[{"href":"https:\/\/smartsightings.com\/de\/wp-json\/wp\/v2\/pages\/2516"}],"collection":[{"href":"https:\/\/smartsightings.com\/de\/wp-json\/wp\/v2\/pages"}],"about":[{"href":"https:\/\/smartsightings.com\/de\/wp-json\/wp\/v2\/types\/page"}],"author":[{"embeddable":true,"href":"https:\/\/smartsightings.com\/de\/wp-json\/wp\/v2\/users\/10"}],"replies":[{"embeddable":true,"href":"https:\/\/smartsightings.com\/de\/wp-json\/wp\/v2\/comments?post=2516"}],"version-history":[{"count":0,"href":"https:\/\/smartsightings.com\/de\/wp-json\/wp\/v2\/pages\/2516\/revisions"}],"wp:attachment":[{"href":"https:\/\/smartsightings.com\/de\/wp-json\/wp\/v2\/media?parent=2516"}],"curies":[{"name":"wp","href":"https:\/\/api.w.org\/{rel}","templated":true}]}}