{"id":2521,"date":"2023-11-14T13:09:04","date_gmt":"2023-11-14T13:09:04","guid":{"rendered":"https:\/\/smartsightings.com\/?page_id=2521"},"modified":"2025-11-08T16:29:30","modified_gmt":"2025-11-08T16:29:30","slug":"terms","status":"publish","type":"page","link":"https:\/\/smartsightings.com\/de\/terms\/","title":{"rendered":"SmartSightings \u2013 Allgemeine Gesch\u00e4ftsbedingungen"},"content":{"rendered":"<div class=\"mx-5 sm:mx-0 prose leading-relaxed text-lg mb-5 text-left wp-paragraph\">\n<p><em>Aktualisiert am 8. November 2025<\/em><\/p>\n<\/div><!--advertisement--><div class=\"mx-5 sm:mx-0 sm:text-3xl text-2xl font-medium title-font mb-4 text-gray-900 text-left\">\n<h2 class=\"wp-block-heading\" id=\"h-introduzione\"><strong>Einf\u00fchrung<\/strong><\/h2>\n<\/div><div class=\"mx-5 sm:mx-0 prose leading-relaxed text-lg mb-5 text-left wp-paragraph\">\n<p>Willkommen bei <em>SmartSightings<\/em> (<a style=\" color:;\" href=\"https:\/\/smartsightings.com\/de\/\">https:\/\/smartsightings.com<\/a>), eine digitale Publikation, die verwaltet wird von <strong>CreditStacker O\u00dc<\/strong>, ein in Estland registriertes Unternehmen (Registrierungsnummer 16467237) mit Hauptsitz in Tallinn.<br>SmartSightings bietet Bildungs- und Informationsinhalte zu Finanzprodukten, Krediten, Investitionen und Technologie.<\/p>\n<\/div><div class=\"mx-5 sm:mx-0 prose leading-relaxed text-lg mb-5 text-left wp-paragraph\">\n<p>Der Zugriff auf und die Nutzung der Website setzen die vollst\u00e4ndige Akzeptanz dieser Nutzungsbedingungen und unserer Datenschutzrichtlinien voraus. <a style=\" color:;\" href=\"https:\/\/smartsightings.com\/de\/privacy\/\"><strong>Datenschutzrichtlinie<\/strong>.<\/a><br>Wenn Sie mit irgendeinem Teil nicht einverstanden sind, stellen Sie bitte die Nutzung der Website ein.<\/p>\n<\/div><div class=\"mx-5 sm:mx-0 prose text-left mb-5\">\n<hr class=\"wp-block-separator has-alpha-channel-opacity\"\/>\n<\/div><!--advertisement--><div class=\"mx-5 sm:mx-0 sm:text-3xl text-2xl font-medium title-font mb-4 text-gray-900 text-left\">\n<h2 class=\"wp-block-heading\" id=\"h-articolo-i-idoneita-e-accettazione\"><strong>Artikel I \u2013 Teilnahmeberechtigung und Zulassung<\/strong><\/h2>\n<\/div><div class=\"mx-5 sm:mx-0 prose leading-relaxed text-lg mb-5 text-left wp-paragraph\">\n<p>1.1 Durch die Nutzung dieser Website erkl\u00e4ren Sie, dass Sie mindestens 18 Jahre alt und rechtsf\u00e4hig sind, verbindliche Vertr\u00e4ge abzuschlie\u00dfen.<br>1.2 Durch Ihre weitere Nutzung der Website erkl\u00e4ren Sie sich mit den Nutzungsbedingungen und der Datenschutzerkl\u00e4rung vollst\u00e4ndig einverstanden.<br>1.3 CreditStacker O\u00dc beh\u00e4lt sich das Recht vor, Ihren Zugang zu sperren oder zu beenden, wenn Sie gegen die Nutzungsbedingungen oder geltende Gesetze versto\u00dfen.<\/p>\n<\/div><div class=\"mx-5 sm:mx-0 prose text-left mb-5\">\n<hr class=\"wp-block-separator has-alpha-channel-opacity\"\/>\n<\/div><!--advertisement--><div class=\"mx-5 sm:mx-0 sm:text-3xl text-2xl font-medium title-font mb-4 text-gray-900 text-left\">\n<h2 class=\"wp-block-heading\" id=\"h-articolo-ii-scopo-e-ambito\"><strong>Artikel II \u2013 Zweck und Anwendungsbereich<\/strong><\/h2>\n<\/div><div class=\"mx-5 sm:mx-0 prose leading-relaxed text-lg mb-5 text-left wp-paragraph\">\n<p>2.1 <em>SmartSightings<\/em> bietet informative Inhalte zu Bildungs- und Informationszwecken.<br>2.2 Die bereitgestellten Informationen stellen keine Finanz-, Rechts- oder sonstige professionelle Beratung dar.<br>2.3 Die Inhalte k\u00f6nnen ohne vorherige Ank\u00fcndigung aktualisiert oder ge\u00e4ndert werden, um Genauigkeit und Aktualit\u00e4t zu gew\u00e4hrleisten.<\/p>\n<\/div><div class=\"mx-5 sm:mx-0 prose text-left mb-5\">\n<hr class=\"wp-block-separator has-alpha-channel-opacity\"\/>\n<\/div><!--advertisement--><div class=\"mx-5 sm:mx-0 sm:text-3xl text-2xl font-medium title-font mb-4 text-gray-900 text-left\">\n<h2 class=\"wp-block-heading\" id=\"h-articolo-iii-contatti-e-comunicazioni\"><strong>Artikel III \u2013 Kontakte und Kommunikation<\/strong><\/h2>\n<\/div><div class=\"mx-5 sm:mx-0 prose leading-relaxed text-lg mb-5 text-left wp-paragraph\">\n<p>3.1 Sie k\u00f6nnen uns \u00fcber die <strong>Kontaktseite<\/strong> der Website <a style=\" color:;\" href=\"https:\/\/smartsightings.com\/de\/contact\/\">https:\/\/smartsightings.com\/contact<\/a> <br>3.2 Ihre Mitteilungen k\u00f6nnen gem\u00e4\u00df unserer Datenschutzrichtlinie archiviert werden.<br>3.3 Beleidigende oder Spam-Nachrichten k\u00f6nnen gel\u00f6scht oder den zust\u00e4ndigen Beh\u00f6rden gemeldet werden.<\/p>\n<\/div><div class=\"mx-5 sm:mx-0 prose text-left mb-5\">\n<hr class=\"wp-block-separator has-alpha-channel-opacity\"\/>\n<\/div><!--advertisement--><div class=\"mx-5 sm:mx-0 sm:text-3xl text-2xl font-medium title-font mb-4 text-gray-900 text-left\">\n<h2 class=\"wp-block-heading\" id=\"h-articolo-iv-responsabilita-dell-utente-e-uso-consentito\"><strong>Artikel IV \u2013 Verantwortlichkeiten des Nutzers und zul\u00e4ssige Nutzung<\/strong><\/h2>\n<\/div><div class=\"mx-5 sm:mx-0 prose leading-relaxed text-lg mb-5 text-left wp-paragraph\">\n<p>4.1 Der Nutzer verpflichtet sich, die Website auf rechtm\u00e4\u00dfige, korrekte und respektvolle Weise zu nutzen.<br>4.2 Folgendes ist verboten:<\/p>\n<\/div><div class=\"mx-5 sm:mx-0 prose text-left mb-5\">\n<ul><div class=\"mx-5 sm:mx-0 prose text-left mb-5\">\n<li>gegen geltende Gesetze oder Vorschriften versto\u00dfen;<\/li>\n<\/div>\n\n<div class=\"mx-5 sm:mx-0 prose text-left mb-5\">\n<li>Viren, Spyware oder Schadcode verbreiten;<\/li>\n<\/div>\n\n<div class=\"mx-5 sm:mx-0 prose text-left mb-5\">\n<li>Inhalte ohne schriftliche Genehmigung weder kopieren, ver\u00e4ndern noch verbreiten;<\/li>\n<\/div>\n\n<div class=\"mx-5 sm:mx-0 prose text-left mb-5\">\n<li>Daten zu sammeln oder die Website f\u00fcr betr\u00fcgerische oder unautorisierte Werbeaktivit\u00e4ten zu nutzen.<br>4.3 Ein Versto\u00df gegen diese Regeln kann zur Sperrung des Zugangs und zur Einleitung rechtlicher Schritte f\u00fchren.<\/li>\n<\/div><\/ul>\n<\/div><div class=\"mx-5 sm:mx-0 prose text-left mb-5\">\n<hr class=\"wp-block-separator has-alpha-channel-opacity\"\/>\n<\/div><!--advertisement--><div class=\"mx-5 sm:mx-0 sm:text-3xl text-2xl font-medium title-font mb-4 text-gray-900 text-left\">\n<h2 class=\"wp-block-heading\" id=\"h-articolo-v-proprieta-intellettuale\"><strong>Artikel V \u2013 Geistiges Eigentum<\/strong><\/h2>\n<\/div><div class=\"mx-5 sm:mx-0 prose leading-relaxed text-lg mb-5 text-left wp-paragraph\">\n<p>5.1 Alle auf ver\u00f6ffentlichten Inhalte <em>SmartSightings<\/em> \u2014 Texte, Bilder, Grafiken, Logos und Code \u2014 sind Eigentum von <strong>CreditStacker O\u00dc<\/strong> oder deren Lizenzgeber.<br>5.2 Die unerlaubte Vervielf\u00e4ltigung, \u00c4nderung oder Verbreitung der Materialien auf der Website ist untersagt.<br>5.3 Sie d\u00fcrfen Ausz\u00fcge f\u00fcr nichtkommerzielle Zwecke weitergeben, vorausgesetzt, die Quelle wird klar angegeben und ein sichtbarer Link eingef\u00fcgt. <em>smartsightings.com<\/em>.<\/p>\n<\/div><div class=\"mx-5 sm:mx-0 prose text-left mb-5\">\n<hr class=\"wp-block-separator has-alpha-channel-opacity\"\/>\n<\/div><!--advertisement--><div class=\"mx-5 sm:mx-0 sm:text-3xl text-2xl font-medium title-font mb-4 text-gray-900 text-left\">\n<h2 class=\"wp-block-heading\" id=\"h-articolo-vi-collegamenti-esterni-e-servizi-di-terzi\"><strong>Artikel VI \u2013 Externe Links und Dienste von Drittanbietern<\/strong><\/h2>\n<\/div><div class=\"mx-5 sm:mx-0 prose leading-relaxed text-lg mb-5 text-left wp-paragraph\">\n<p>6.1 Die Website kann Links zu Websites Dritter enthalten. Diese Links dienen ausschlie\u00dflich Informationszwecken.<br>6.2 Wir haben keine Kontrolle \u00fcber die Inhalte oder Richtlinien solcher Websites und \u00fcbernehmen daf\u00fcr auch keine Gew\u00e4hr. Die Nutzung externer Ressourcen erfolgt auf eigene Gefahr.<\/p>\n<\/div><div class=\"mx-5 sm:mx-0 prose text-left mb-5\">\n<hr class=\"wp-block-separator has-alpha-channel-opacity\"\/>\n<\/div><!--advertisement--><div class=\"mx-5 sm:mx-0 sm:text-3xl text-2xl font-medium title-font mb-4 text-gray-900 text-left\">\n<h2 class=\"wp-block-heading\" id=\"h-articolo-vii-esclusione-di-responsabilita\"><strong>Artikel VII \u2013 Haftungsausschluss<\/strong><\/h2>\n<\/div><div class=\"mx-5 sm:mx-0 prose leading-relaxed text-lg mb-5 text-left wp-paragraph\">\n<p>7.1 Alle Informationen und Dienstleistungen werden ohne jegliche Gew\u00e4hrleistung \u201ewie besehen\u201c bereitgestellt.<br>7.2 Wir garantieren nicht, dass der Dienst fehlerfrei oder ununterbrochen funktioniert.<br>7.3 CreditStacker O\u00dc haftet nicht f\u00fcr:<\/p>\n<\/div><div class=\"mx-5 sm:mx-0 prose text-left mb-5\">\n<ul><div class=\"mx-5 sm:mx-0 prose text-left mb-5\">\n<li>Fehler oder Auslassungen im Inhalt;<\/li>\n<\/div>\n\n<div class=\"mx-5 sm:mx-0 prose text-left mb-5\">\n<li>indirekte oder Folgesch\u00e4den, die aus der Nutzung der Website entstehen;<\/li>\n<\/div>\n\n<div class=\"mx-5 sm:mx-0 prose text-left mb-5\">\n<li>Datenverlust oder unbefugter Zugriff.<br>7.4 Die Nutzung der Website erfolgt auf eigenes Risiko des Nutzers.<\/li>\n<\/div><\/ul>\n<\/div><div class=\"mx-5 sm:mx-0 prose text-left mb-5\">\n<hr class=\"wp-block-separator has-alpha-channel-opacity\"\/>\n<\/div><!--advertisement--><div class=\"mx-5 sm:mx-0 sm:text-3xl text-2xl font-medium title-font mb-4 text-gray-900 text-left\">\n<h2 class=\"wp-block-heading\" id=\"h-articolo-viii-limitazione-di-responsabilita\"><strong>Artikel VIII \u2013 Haftungsbeschr\u00e4nkung<\/strong><\/h2>\n<\/div><div class=\"mx-5 sm:mx-0 prose leading-relaxed text-lg mb-5 text-left wp-paragraph\">\n<p>8.1 Soweit gesetzlich zul\u00e4ssig, schlie\u00dft CreditStacker O\u00dc jegliche Haftung f\u00fcr direkte oder indirekte Sch\u00e4den aus, die aus der Nutzung der Website oder der bereitgestellten Informationen entstehen.<br>8.2 Die Gesamthaftung darf in keinem Fall einen Wert von 100 Euro \u00fcbersteigen.<\/p>\n<\/div><div class=\"mx-5 sm:mx-0 prose text-left mb-5\">\n<hr class=\"wp-block-separator has-alpha-channel-opacity\"\/>\n<\/div><!--advertisement--><div class=\"mx-5 sm:mx-0 sm:text-3xl text-2xl font-medium title-font mb-4 text-gray-900 text-left\">\n<h2 class=\"wp-block-heading\" id=\"h-articolo-ix-standard-editoriali-e-trasparenza\"><strong>Artikel IX \u2013 Redaktionelle Standards und Transparenz<\/strong><\/h2>\n<\/div><div class=\"mx-5 sm:mx-0 prose leading-relaxed text-lg mb-5 text-left wp-paragraph\">\n<p>9.1 <em>SmartSightings<\/em> wahrt redaktionelle Unabh\u00e4ngigkeit. Die Inhalte basieren auf unparteiischer Recherche und Analyse.<br>9.2 Die Website kann Affiliate- oder Sponsorenlinks enthalten, die Provisionen generieren, ohne dass dem Nutzer zus\u00e4tzliche Kosten entstehen.<br>9.3 Diese Beziehungen haben keinen Einfluss auf unsere redaktionellen Bewertungen.<br>9.4 Wir halten die Vorschriften der <strong>Gesetz \u00fcber digitale Dienste (EU)<\/strong> und die Transparenzrichtlinien der <strong>FTC (USA)<\/strong>.<\/p>\n<\/div><div class=\"mx-5 sm:mx-0 prose text-left mb-5\">\n<hr class=\"wp-block-separator has-alpha-channel-opacity\"\/>\n<\/div><!--advertisement--><div class=\"mx-5 sm:mx-0 sm:text-3xl text-2xl font-medium title-font mb-4 text-gray-900 text-left\">\n<h2 class=\"wp-block-heading\" id=\"h-articolo-x-durata-aggiornamenti-e-modifiche\"><strong>Artikel X \u2013 Dauer, Aktualisierungen und \u00c4nderungen<\/strong><\/h2>\n<\/div><div class=\"mx-5 sm:mx-0 prose leading-relaxed text-lg mb-5 text-left wp-paragraph\">\n<p>10.1 Diese Bedingungen bleiben so lange in Kraft, bis sie ersetzt oder aktualisiert werden.<br>10.2 Wir behalten uns das Recht vor, Teile der Website oder dieser Bedingungen jederzeit zu \u00e4ndern oder einzustellen, indem wir die aktualisierte Version auf dieser Seite ver\u00f6ffentlichen.<br>10.3 Ihre weitere Nutzung der Website nach etwaigen \u00c4nderungen gilt als Annahme der neuen Bedingungen.<\/p>\n<\/div><div class=\"mx-5 sm:mx-0 prose text-left mb-5\">\n<hr class=\"wp-block-separator has-alpha-channel-opacity\"\/>\n<\/div><!--advertisement--><div class=\"mx-5 sm:mx-0 sm:text-3xl text-2xl font-medium title-font mb-4 text-gray-900 text-left\">\n<h2 class=\"wp-block-heading\" id=\"h-articolo-xi-legge-applicabile-e-foro-competente\"><strong>Artikel XI \u2013 Anwendbares Recht und Gerichtsstand<\/strong><\/h2>\n<\/div><div class=\"mx-5 sm:mx-0 prose leading-relaxed text-lg mb-5 text-left wp-paragraph\">\n<p>11.1 Diese Bedingungen unterliegen den <strong>Gesetze der Republik Estland<\/strong>.<br>11.2 Jegliche Streitigkeiten, die sich aus der Nutzung dieser Website ergeben, werden der <strong>Ausschlie\u00dfliche Zust\u00e4ndigkeit der Gerichte von Tallinn, Estland<\/strong>.<br>11.3 Sollte sich eine Bestimmung als ung\u00fcltig erweisen, bleiben die \u00fcbrigen Bestimmungen in vollem Umfang wirksam.<\/p>\n<\/div><div class=\"mx-5 sm:mx-0 prose text-left mb-5\">\n<hr class=\"wp-block-separator has-alpha-channel-opacity\"\/>\n<\/div><!--advertisement--><div class=\"mx-5 sm:mx-0 sm:text-3xl text-2xl font-medium title-font mb-4 text-gray-900 text-left\">\n<h2 class=\"wp-block-heading\" id=\"h-articolo-xii-indennizzo\"><strong>Artikel XII \u2013 Entsch\u00e4digung<\/strong><\/h2>\n<\/div><div class=\"mx-5 sm:mx-0 prose leading-relaxed text-lg mb-5 text-left wp-paragraph\">\n<p>Sie verpflichten sich, CreditStacker O\u00dc und seine Vertreter von jeglichen Anspr\u00fcchen oder Sch\u00e4den freizustellen, die sich aus Ihrem Versto\u00df gegen diese Bedingungen oder Ihrem Missbrauch der Website ergeben.<\/p>\n<\/div><div class=\"mx-5 sm:mx-0 prose text-left mb-5\">\n<hr class=\"wp-block-separator has-alpha-channel-opacity\"\/>\n<\/div><!--advertisement--><div class=\"mx-5 sm:mx-0 sm:text-3xl text-2xl font-medium title-font mb-4 text-gray-900 text-left\">\n<h2 class=\"wp-block-heading\" id=\"h-articolo-xiii-accordo-integrale\"><strong>Artikel XIII \u2013 Vollst\u00e4ndiges Abkommen<\/strong><\/h2>\n<\/div><div class=\"mx-5 sm:mx-0 prose leading-relaxed text-lg mb-5 text-left wp-paragraph\">\n<p>Diese Bedingungen, zusammen mit den <strong>Datenschutzrichtlinie<\/strong>Diese Vereinbarung stellt die gesamte \u00dcbereinkunft zwischen Ihnen und CreditStacker O\u00dc dar und ersetzt alle vorherigen Absprachen.<\/p>\n<\/div><div class=\"mx-5 sm:mx-0 prose text-left mb-5\">\n<hr class=\"wp-block-separator has-alpha-channel-opacity\"\/>\n<\/div><div class=\"mx-5 sm:mx-0 prose leading-relaxed text-lg mb-5 text-left wp-paragraph\">\n<p><strong>Kontakte:<\/strong> <a style=\" color:;\" href=\"https:\/\/smartsightings.com\/de\/contact\/\">SmartSightings-Kontaktseite<\/a><\/p>\n<\/div><div class=\"mx-5 sm:mx-0 prose leading-relaxed text-lg mb-5 text-left wp-paragraph\">\n<p><\/p>\n<\/div>","protected":false},"excerpt":{"rendered":"<p>Aktualisiert am 8. November 2025. Einleitung. Willkommen bei SmartSightings (https:\/\/smartsightings.com), einer digitalen Publikation der CreditStacker O\u00dc, einem in Estland registrierten Unternehmen (Registrierungsnummer 16467237) mit Hauptsitz in Tallinn. SmartSightings bietet Bildungs- und Informationsinhalte zu Finanzprodukten, Krediten, Investitionen und Technologie. Mit dem Zugriff auf und der Nutzung dieser Website erkl\u00e4ren Sie sich mit diesen Nutzungsbedingungen und den folgenden Bestimmungen einverstanden: <a class=\"more-link\" href=\"https:\/\/smartsightings.com\/de\/terms\/\">Weiterlesen <span class=\"screen-reader-text\">SmartSightings \u2013 Allgemeine Gesch\u00e4ftsbedingungen<\/span><\/a><\/p>","protected":false},"author":10,"featured_media":0,"parent":0,"menu_order":0,"comment_status":"closed","ping_status":"closed","template":"","meta":{"footnotes":""},"yoast_head":"<!-- This site is optimized with the Yoast SEO Premium plugin v18.7 (Yoast SEO v19.1) - https:\/\/yoast.com\/wordpress\/plugins\/seo\/ -->\n<title>Termini e Condizioni di SmartSightings<\/title>\n<meta name=\"robots\" content=\"index, follow, max-snippet:-1, max-image-preview:large, max-video-preview:-1\" \/>\n<link rel=\"canonical\" href=\"https:\/\/smartsightings.com\/de\/terms\/\" \/>\n<meta property=\"og:locale\" content=\"de_DE\" \/>\n<meta property=\"og:type\" content=\"article\" \/>\n<meta property=\"og:title\" content=\"Termini e Condizioni di SmartSightings\" \/>\n<meta property=\"og:description\" content=\"Aggiornati il 8 novembre 2025 Introduzione Benvenuti su SmartSightings (https:\/\/smartsightings.com), una pubblicazione digitale gestita da CreditStacker O\u00dc, societ\u00e0 registrata in Estonia (Codice di Registro 16467237), con sede a Tallinn.SmartSightings fornisce contenuti educativi e informativi relativi a prodotti finanziari, credito, investimenti e tecnologia. L\u2019accesso e l\u2019utilizzo del sito implicano l\u2019accettazione piena dei presenti Termini e della&hellip; Continue reading Termini e Condizioni di SmartSightings\" \/>\n<meta property=\"og:url\" content=\"https:\/\/smartsightings.com\/de\/terms\/\" \/>\n<meta property=\"og:site_name\" content=\"Smart Sightings\" \/>\n<meta property=\"article:modified_time\" content=\"2025-11-08T16:29:30+00:00\" \/>\n<meta name=\"twitter:card\" content=\"summary_large_image\" \/>\n<meta name=\"twitter:label1\" content=\"Est. reading time\" \/>\n\t<meta name=\"twitter:data1\" content=\"4 Minuten\" \/>\n<script type=\"application\/ld+json\" class=\"yoast-schema-graph\">{\"@context\":\"https:\/\/schema.org\",\"@graph\":[{\"@type\":\"WebSite\",\"@id\":\"https:\/\/smartsightings.com\/#website\",\"url\":\"https:\/\/smartsightings.com\/\",\"name\":\"Smart Sightings\",\"description\":\"\",\"potentialAction\":[{\"@type\":\"SearchAction\",\"target\":{\"@type\":\"EntryPoint\",\"urlTemplate\":\"https:\/\/smartsightings.com\/?s={search_term_string}\"},\"query-input\":\"required name=search_term_string\"}],\"inLanguage\":\"de-DE\"},{\"@type\":\"WebPage\",\"@id\":\"https:\/\/smartsightings.com\/terms\/#webpage\",\"url\":\"https:\/\/smartsightings.com\/terms\/\",\"name\":\"Termini e Condizioni di SmartSightings\",\"isPartOf\":{\"@id\":\"https:\/\/smartsightings.com\/#website\"},\"datePublished\":\"2023-11-14T13:09:04+00:00\",\"dateModified\":\"2025-11-08T16:29:30+00:00\",\"breadcrumb\":{\"@id\":\"https:\/\/smartsightings.com\/terms\/#breadcrumb\"},\"inLanguage\":\"de-DE\",\"potentialAction\":[{\"@type\":\"ReadAction\",\"target\":[\"https:\/\/smartsightings.com\/terms\/\"]}]},{\"@type\":\"BreadcrumbList\",\"@id\":\"https:\/\/smartsightings.com\/terms\/#breadcrumb\",\"itemListElement\":[{\"@type\":\"ListItem\",\"position\":1,\"name\":\"Home\",\"item\":\"https:\/\/smartsightings.com\/\"},{\"@type\":\"ListItem\",\"position\":2,\"name\":\"Termini e Condizioni di SmartSightings\"}]}]}<\/script>\n<!-- \/ Yoast SEO Premium plugin. -->","yoast_head_json":{"title":"Termini e Condizioni di SmartSightings","robots":{"index":"index","follow":"follow","max-snippet":"max-snippet:-1","max-image-preview":"max-image-preview:large","max-video-preview":"max-video-preview:-1"},"canonical":"https:\/\/smartsightings.com\/de\/terms\/","og_locale":"de_DE","og_type":"article","og_title":"Termini e Condizioni di SmartSightings","og_description":"Aggiornati il 8 novembre 2025 Introduzione Benvenuti su SmartSightings (https:\/\/smartsightings.com), una pubblicazione digitale gestita da CreditStacker O\u00dc, societ\u00e0 registrata in Estonia (Codice di Registro 16467237), con sede a Tallinn.SmartSightings fornisce contenuti educativi e informativi relativi a prodotti finanziari, credito, investimenti e tecnologia. L\u2019accesso e l\u2019utilizzo del sito implicano l\u2019accettazione piena dei presenti Termini e della&hellip; Continue reading Termini e Condizioni di SmartSightings","og_url":"https:\/\/smartsightings.com\/de\/terms\/","og_site_name":"Smart Sightings","article_modified_time":"2025-11-08T16:29:30+00:00","twitter_card":"summary_large_image","twitter_misc":{"Est. reading time":"4 Minuten"},"schema":{"@context":"https:\/\/schema.org","@graph":[{"@type":"WebSite","@id":"https:\/\/smartsightings.com\/#website","url":"https:\/\/smartsightings.com\/","name":"Smart Sightings","description":"","potentialAction":[{"@type":"SearchAction","target":{"@type":"EntryPoint","urlTemplate":"https:\/\/smartsightings.com\/?s={search_term_string}"},"query-input":"required name=search_term_string"}],"inLanguage":"de-DE"},{"@type":"WebPage","@id":"https:\/\/smartsightings.com\/terms\/#webpage","url":"https:\/\/smartsightings.com\/terms\/","name":"Termini e Condizioni di SmartSightings","isPartOf":{"@id":"https:\/\/smartsightings.com\/#website"},"datePublished":"2023-11-14T13:09:04+00:00","dateModified":"2025-11-08T16:29:30+00:00","breadcrumb":{"@id":"https:\/\/smartsightings.com\/terms\/#breadcrumb"},"inLanguage":"de-DE","potentialAction":[{"@type":"ReadAction","target":["https:\/\/smartsightings.com\/terms\/"]}]},{"@type":"BreadcrumbList","@id":"https:\/\/smartsightings.com\/terms\/#breadcrumb","itemListElement":[{"@type":"ListItem","position":1,"name":"Home","item":"https:\/\/smartsightings.com\/"},{"@type":"ListItem","position":2,"name":"Termini e Condizioni di SmartSightings"}]}]}},"_links":{"self":[{"href":"https:\/\/smartsightings.com\/de\/wp-json\/wp\/v2\/pages\/2521"}],"collection":[{"href":"https:\/\/smartsightings.com\/de\/wp-json\/wp\/v2\/pages"}],"about":[{"href":"https:\/\/smartsightings.com\/de\/wp-json\/wp\/v2\/types\/page"}],"author":[{"embeddable":true,"href":"https:\/\/smartsightings.com\/de\/wp-json\/wp\/v2\/users\/10"}],"replies":[{"embeddable":true,"href":"https:\/\/smartsightings.com\/de\/wp-json\/wp\/v2\/comments?post=2521"}],"version-history":[{"count":0,"href":"https:\/\/smartsightings.com\/de\/wp-json\/wp\/v2\/pages\/2521\/revisions"}],"wp:attachment":[{"href":"https:\/\/smartsightings.com\/de\/wp-json\/wp\/v2\/media?parent=2521"}],"curies":[{"name":"wp","href":"https:\/\/api.w.org\/{rel}","templated":true}]}}