{"id":3,"date":"2023-11-07T14:59:34","date_gmt":"2023-11-07T14:59:34","guid":{"rendered":"http:\/\/165.227.189.92\/?page_id=3"},"modified":"2025-11-08T16:18:35","modified_gmt":"2025-11-08T16:18:35","slug":"privacy","status":"publish","type":"page","link":"https:\/\/smartsightings.com\/de\/privacy\/","title":{"rendered":"SmartSightings-Datenschutzrichtlinie"},"content":{"rendered":"<div class=\"mx-5 sm:mx-0 prose leading-relaxed text-lg mb-5 text-left wp-paragraph\">\n<p><strong><em>Aktualisiert am 8. November 2025<\/em><\/strong><\/p>\n<\/div><!--advertisement--><div class=\"mx-5 sm:mx-0 sm:text-3xl text-2xl font-medium title-font mb-4 text-gray-900 text-left\">\n<h3 class=\"wp-block-heading\" id=\"h-introduzione\"><strong>Einf\u00fchrung<\/strong><\/h3>\n<\/div><div class=\"mx-5 sm:mx-0 prose leading-relaxed text-lg mb-5 text-left wp-paragraph\">\n<p>An <em>smartsightings.com<\/em>, betrieben von CreditStacker O\u00dc, eingetragener Sitz in Tallinn, Estland (Registrierungsnummer: 16467237), legen wir gro\u00dfen Wert auf die Privatsph\u00e4re unserer Nutzer.<\/p>\n<\/div><div class=\"mx-5 sm:mx-0 prose leading-relaxed text-lg mb-5 text-left wp-paragraph\">\n<p>Diese Datenschutzrichtlinie beschreibt, wie wir Ihre personenbezogenen Daten erfassen, verwenden, weitergeben und sch\u00fctzen, wenn Sie unsere Website besuchen oder mit ihr interagieren.<br>Verwendung <em>smartsightings.com<\/em>Mit Ihrer Zustimmung akzeptieren Sie die in dieser Richtlinie beschriebenen Praktiken.<\/p>\n<\/div><div class=\"mx-5 sm:mx-0 prose leading-relaxed text-lg mb-5 text-left wp-paragraph\">\n<p>Bei Fragen oder Anliegen zum Thema Datenschutz k\u00f6nnen Sie uns kontaktieren \u00fcber <a style=\" color:;\" href=\"https:\/\/smartsightings.com\/de\/contact\/\">Kontaktseite<\/a> der Website.<\/p>\n<\/div><!--advertisement--><div class=\"mx-5 sm:mx-0 sm:text-3xl text-2xl font-medium title-font mb-4 text-gray-900 text-left\">\n<h3 class=\"wp-block-heading\" id=\"h-ambito-di-applicazione\"><strong>Anwendungsbereich<\/strong><\/h3>\n<\/div><div class=\"mx-5 sm:mx-0 prose leading-relaxed text-lg mb-5 text-left wp-paragraph\">\n<p>Diese Richtlinie gilt f\u00fcr alle Nutzer, die auf die angebotenen Dienste zugreifen oder diese nutzen. <em>smartsightings.com<\/em>.<br>Dies gilt nicht f\u00fcr Daten, die offline oder \u00fcber Kan\u00e4le erhoben werden, die nicht direkt von CreditStacker O\u00dc verwaltet werden.<\/p>\n<\/div><!--advertisement--><div class=\"mx-5 sm:mx-0 sm:text-3xl text-2xl font-medium title-font mb-4 text-gray-900 text-left\">\n<h3 class=\"wp-block-heading\" id=\"h-consenso\"><strong>Zustimmung<\/strong><\/h3>\n<\/div><div class=\"mx-5 sm:mx-0 prose leading-relaxed text-lg mb-5 text-left wp-paragraph\">\n<p>Durch das Browsen und die Nutzung der Website stimmen Sie der Erfassung und Verwendung Ihrer Daten gem\u00e4\u00df dieser Richtlinie zu.<br><strong>Wenn Sie mit irgendeinem Teil davon nicht einverstanden sind, stellen Sie bitte die Nutzung der Website ein.<\/strong><\/p>\n<\/div><!--advertisement--><div class=\"mx-5 sm:mx-0 sm:text-3xl text-2xl font-medium title-font mb-4 text-gray-900 text-left\">\n<h2 class=\"wp-block-heading\" id=\"h-i-raccolta-delle-informazioni\"><strong>I. Datenerhebung<\/strong><\/h2>\n<\/div><!--advertisement--><div class=\"mx-5 sm:mx-0 sm:text-3xl text-2xl font-medium title-font mb-4 text-gray-900 text-left\">\n<h3 class=\"wp-block-heading\" id=\"h-a-informazioni-fornite-volontariamente\"><strong>A. Freiwillig bereitgestellte Informationen<\/strong><\/h3>\n<\/div><div class=\"mx-5 sm:mx-0 prose leading-relaxed text-lg mb-5 text-left wp-paragraph\">\n<p>Wir erfassen m\u00f6glicherweise personenbezogene Daten (wie Ihren Namen, Ihre E-Mail-Adresse oder Ihre Kontaktdaten), wenn Sie:<\/p>\n<\/div><div class=\"mx-5 sm:mx-0 prose text-left mb-5\">\n<ul><div class=\"mx-5 sm:mx-0 prose text-left mb-5\">\n<li>Sie registrieren sich f\u00fcr ein Konto;<\/li>\n<\/div>\n\n<div class=\"mx-5 sm:mx-0 prose text-left mb-5\">\n<li>Kontaktformulare ausf\u00fcllen;<\/li>\n<\/div>\n\n<div class=\"mx-5 sm:mx-0 prose text-left mb-5\">\n<li>Sie melden sich f\u00fcr Newsletter oder Updates an;<\/li>\n<\/div>\n\n<div class=\"mx-5 sm:mx-0 prose text-left mb-5\">\n<li>An Umfragen oder Werbeaktionen teilnehmen.<\/li>\n<\/div><\/ul>\n<\/div><!--advertisement--><div class=\"mx-5 sm:mx-0 sm:text-3xl text-2xl font-medium title-font mb-4 text-gray-900 text-left\">\n<h3 class=\"wp-block-heading\" id=\"h-b-informazioni-raccolte-automaticamente\"><strong>B. Automatisch erfasste Informationen<\/strong><\/h3>\n<\/div><div class=\"mx-5 sm:mx-0 prose leading-relaxed text-lg mb-5 text-left wp-paragraph\">\n<p>Wenn Sie die Website besuchen, erfassen wir automatisch bestimmte technische und verhaltensbezogene Informationen, darunter:<\/p>\n<\/div><div class=\"mx-5 sm:mx-0 prose text-left mb-5\">\n<ul><div class=\"mx-5 sm:mx-0 prose text-left mb-5\">\n<li>IP-Adresse;<\/li>\n<\/div>\n\n<div class=\"mx-5 sm:mx-0 prose text-left mb-5\">\n<li>Browser- und Ger\u00e4tetyp;<\/li>\n<\/div>\n\n<div class=\"mx-5 sm:mx-0 prose text-left mb-5\">\n<li>Betriebssystem;<\/li>\n<\/div>\n\n<div class=\"mx-5 sm:mx-0 prose text-left mb-5\">\n<li>Besuchte Seiten, Verweildauer und Navigationspfad.<\/li>\n<\/div><\/ul>\n<\/div><div class=\"mx-5 sm:mx-0 prose leading-relaxed text-lg mb-5 text-left wp-paragraph\">\n<p>Diese Daten werden gesammelt durch <strong>Cookies, Server-Logdateien und Analysetools (wie z. B. Google Analytics)<\/strong> um die Benutzerfreundlichkeit zu verbessern und die Website-Performance zu optimieren.<\/p>\n<\/div><!--advertisement--><div class=\"mx-5 sm:mx-0 sm:text-3xl text-2xl font-medium title-font mb-4 text-gray-900 text-left\">\n<h2 class=\"wp-block-heading\" id=\"h-ii-uso-delle-informazioni\"><strong>II. Nutzung von Informationen<\/strong><\/h2>\n<\/div><div class=\"mx-5 sm:mx-0 prose leading-relaxed text-lg mb-5 text-left wp-paragraph\">\n<p>Die gesammelten Informationen werden verwendet, um:<\/p>\n<\/div><div class=\"mx-5 sm:mx-0 prose text-left mb-5\">\n<ul><div class=\"mx-5 sm:mx-0 prose text-left mb-5\">\n<li>unsere Dienstleistungen bereitstellen, aufrechterhalten und verbessern;<\/li>\n<\/div>\n\n<div class=\"mx-5 sm:mx-0 prose text-left mb-5\">\n<li>Inhalte und Nutzererlebnisse personalisieren;<\/li>\n<\/div>\n\n<div class=\"mx-5 sm:mx-0 prose text-left mb-5\">\n<li>relevante Mitteilungen senden (nach vorheriger Einwilligung);<\/li>\n<\/div>\n\n<div class=\"mx-5 sm:mx-0 prose text-left mb-5\">\n<li>Website-Nutzung analysieren und Trends identifizieren;<\/li>\n<\/div>\n\n<div class=\"mx-5 sm:mx-0 prose text-left mb-5\">\n<li>Sicherheit gew\u00e4hrleisten und Betrug verhindern;<\/li>\n<\/div>\n\n<div class=\"mx-5 sm:mx-0 prose text-left mb-5\">\n<li>Einhaltung gesetzlicher und beh\u00f6rdlicher Verpflichtungen.<\/li>\n<\/div><\/ul>\n<\/div><div class=\"mx-5 sm:mx-0 prose leading-relaxed text-lg mb-5 text-left wp-paragraph\">\n<p>Wir verkaufen oder vermieten Ihre pers\u00f6nlichen Daten nicht an Dritte.<\/p>\n<\/div><!--advertisement--><div class=\"mx-5 sm:mx-0 sm:text-3xl text-2xl font-medium title-font mb-4 text-gray-900 text-left\">\n<h2 class=\"wp-block-heading\" id=\"h-iii-condivisione-delle-informazioni\"><strong>III. Informationsaustausch<\/strong><\/h2>\n<\/div><div class=\"mx-5 sm:mx-0 prose leading-relaxed text-lg mb-5 text-left wp-paragraph\">\n<p>Wir k\u00f6nnen Ihre Daten an folgende Stellen weitergeben:<\/p>\n<\/div><div class=\"mx-5 sm:mx-0 prose text-left mb-5\">\n<ul><div class=\"mx-5 sm:mx-0 prose text-left mb-5\">\n<li>autorisierte Dienstleister (z. B. Hosting, Analysen, E-Mail-Marketing), die zur Vertraulichkeit verpflichtet sind;<\/li>\n<\/div>\n\n<div class=\"mx-5 sm:mx-0 prose text-left mb-5\">\n<li>Rechtsbeh\u00f6rden, sofern dies gesetzlich vorgeschrieben ist oder zum Schutz unserer Rechte erforderlich ist;<\/li>\n<\/div>\n\n<div class=\"mx-5 sm:mx-0 prose text-left mb-5\">\n<li>Werbe- oder Analysepartner, in anonymisierter oder aggregierter Form.<\/li>\n<\/div><\/ul>\n<\/div><!--advertisement--><div class=\"mx-5 sm:mx-0 sm:text-3xl text-2xl font-medium title-font mb-4 text-gray-900 text-left\">\n<h2 class=\"wp-block-heading\" id=\"h-iv-cookie-e-tecnologie-di-tracciamento\"><strong>IV. Cookies und Tracking-Technologien<\/strong><\/h2>\n<\/div><!--advertisement--><div class=\"mx-5 sm:mx-0 sm:text-3xl text-2xl font-medium title-font mb-4 text-gray-900 text-left\">\n<h3 class=\"wp-block-heading\" id=\"h-uso-dei-cookie\"><strong>Verwendung von Cookies<\/strong><\/h3>\n<\/div><div class=\"mx-5 sm:mx-0 prose leading-relaxed text-lg mb-5 text-left wp-paragraph\">\n<p><em>smartsightings.com<\/em> verwendet Cookies und \u00e4hnliche Technologien, um:<\/p>\n<\/div><div class=\"mx-5 sm:mx-0 prose text-left mb-5\">\n<ul><div class=\"mx-5 sm:mx-0 prose text-left mb-5\">\n<li>die grundlegende Funktionalit\u00e4t der Website sicherstellen;<\/li>\n<\/div>\n\n<div class=\"mx-5 sm:mx-0 prose text-left mb-5\">\n<li>Nutzung analysieren und Inhalte verbessern;<\/li>\n<\/div>\n\n<div class=\"mx-5 sm:mx-0 prose text-left mb-5\">\n<li>personalisierte und relevante Werbung bereitstellen.<\/li>\n<\/div><\/ul>\n<\/div><!--advertisement--><div class=\"mx-5 sm:mx-0 sm:text-3xl text-2xl font-medium title-font mb-4 text-gray-900 text-left\">\n<h3 class=\"wp-block-heading\" id=\"h-gestione-dei-cookie\"><strong>Cookie-Verwaltung<\/strong><\/h3>\n<\/div><div class=\"mx-5 sm:mx-0 prose leading-relaxed text-lg mb-5 text-left wp-paragraph\">\n<p>Sie k\u00f6nnen Cookies \u00fcber Ihre Browsereinstellungen verwalten oder deaktivieren.<br>Die Deaktivierung von Cookies kann jedoch Auswirkungen auf einige Funktionen der Website haben.<\/p>\n<\/div><!--advertisement--><div class=\"mx-5 sm:mx-0 sm:text-3xl text-2xl font-medium title-font mb-4 text-gray-900 text-left\">\n<h3 class=\"wp-block-heading\" id=\"h-opt-out-della-personalizzazione-degli-annunci-google\"><strong>Abmeldung von personalisierter Werbung (Google)<\/strong><\/h3>\n<\/div><div class=\"mx-5 sm:mx-0 prose leading-relaxed text-lg mb-5 text-left wp-paragraph\">\n<p>Wir arbeiten mit Drittanbietern wie Google zusammen, die Cookies verwenden, um Ihnen personalisierte Anzeigen basierend auf Ihren vorherigen Besuchen anzuzeigen.<br>Benutzer k\u00f6nnen <strong>Google-Anzeigenpersonalisierung deaktivieren<\/strong> durch Besuch der folgenden offiziellen Webseite:<\/p>\n<\/div><div class=\"mx-5 sm:mx-0 prose leading-relaxed text-lg mb-5 text-left wp-paragraph\">\n<p> <a style=\" color:;\" href=\"https:\/\/adssettings.google.com\/authenticated\">Google-Anzeigeneinstellungen<\/a><\/p>\n<\/div><div class=\"mx-5 sm:mx-0 prose leading-relaxed text-lg mb-5 text-left wp-paragraph\">\n<p>Weitere Informationen finden Sie auch unter <a style=\" color:;\" href=\"https:\/\/policies.google.com\/privacy\">Google-Datenschutzrichtlinie<\/a>.<\/p>\n<\/div><!--advertisement--><div class=\"mx-5 sm:mx-0 sm:text-3xl text-2xl font-medium title-font mb-4 text-gray-900 text-left\">\n<h2 class=\"wp-block-heading\" id=\"h-v-sicurezza-dei-dati\"><strong>V. Datensicherheit<\/strong><\/h2>\n<\/div><div class=\"mx-5 sm:mx-0 prose leading-relaxed text-lg mb-5 text-left wp-paragraph\">\n<p>Wir treffen geeignete technische und organisatorische Ma\u00dfnahmen, um Ihre Daten vor unbefugtem Zugriff, Ver\u00e4nderung, Offenlegung oder Zerst\u00f6rung zu sch\u00fctzen.<br>Allerdings ist kein System v\u00f6llig sicher: Sie erkennen an, dass die \u00dcbertragung von Daten \u00fcber das Internet inh\u00e4rente Risiken birgt.<\/p>\n<\/div><!--advertisement--><div class=\"mx-5 sm:mx-0 sm:text-3xl text-2xl font-medium title-font mb-4 text-gray-900 text-left\">\n<h2 class=\"wp-block-heading\" id=\"h-vi-conservazione-dei-dati\"><strong>VI. Datenaufbewahrung<\/strong><\/h2>\n<\/div><div class=\"mx-5 sm:mx-0 prose leading-relaxed text-lg mb-5 text-left wp-paragraph\">\n<p>Wir speichern personenbezogene Daten nur so lange, wie es f\u00fcr folgende Zwecke erforderlich ist:<\/p>\n<\/div><div class=\"mx-5 sm:mx-0 prose text-left mb-5\">\n<ul><div class=\"mx-5 sm:mx-0 prose text-left mb-5\">\n<li>die in dieser Richtlinie beschriebenen Zwecke erf\u00fcllen;<\/li>\n<\/div>\n\n<div class=\"mx-5 sm:mx-0 prose text-left mb-5\">\n<li>rechtliche Verpflichtungen einhalten;<\/li>\n<\/div>\n\n<div class=\"mx-5 sm:mx-0 prose text-left mb-5\">\n<li>Streitigkeiten beilegen oder unsere Rechte durchsetzen.<\/li>\n<\/div><\/ul>\n<\/div><div class=\"mx-5 sm:mx-0 prose leading-relaxed text-lg mb-5 text-left wp-paragraph\">\n<p>\u00dcber die Kontaktseite k\u00f6nnen Nutzer \u00c4nderungen oder L\u00f6schungen ihrer Daten anfordern.<\/p>\n<\/div><!--advertisement--><div class=\"mx-5 sm:mx-0 sm:text-3xl text-2xl font-medium title-font mb-4 text-gray-900 text-left\">\n<h2 class=\"wp-block-heading\" id=\"h-vii-diritti-degli-utenti-gdpr-e-altri-regolamenti\"><strong>VII. Nutzerrechte (DSGVO und sonstige Vorschriften)<\/strong><\/h2>\n<\/div><div class=\"mx-5 sm:mx-0 prose leading-relaxed text-lg mb-5 text-left wp-paragraph\">\n<p>Da CreditStacker O\u00dc ein in Estland ans\u00e4ssiges Unternehmen ist, wurde diese Richtlinie in \u00dcbereinstimmung mit den geltenden Gesetzen erstellt. <strong>Verordnung (EU) 2016\/679 (DSGVO)<\/strong>.<\/p>\n<\/div><div class=\"mx-5 sm:mx-0 prose leading-relaxed text-lg mb-5 text-left wp-paragraph\">\n<p>Nutzer haben das Recht auf:<\/p>\n<\/div><div class=\"mx-5 sm:mx-0 prose text-left mb-5\">\n<ul><div class=\"mx-5 sm:mx-0 prose text-left mb-5\">\n<li>Zugriff auf Ihre pers\u00f6nlichen Daten;<\/li>\n<\/div>\n\n<div class=\"mx-5 sm:mx-0 prose text-left mb-5\">\n<li>Informationen berichtigen oder l\u00f6schen;<\/li>\n<\/div>\n\n<div class=\"mx-5 sm:mx-0 prose text-left mb-5\">\n<li>Einschr\u00e4nkung oder Widerspruch gegen die Verarbeitung von Daten;<\/li>\n<\/div>\n\n<div class=\"mx-5 sm:mx-0 prose text-left mb-5\">\n<li>Daten\u00fcbertragung anfragen;<\/li>\n<\/div>\n\n<div class=\"mx-5 sm:mx-0 prose text-left mb-5\">\n<li>Die erteilte Einwilligung kann jederzeit widerrufen werden.<\/li>\n<\/div><\/ul>\n<\/div><div class=\"mx-5 sm:mx-0 prose leading-relaxed text-lg mb-5 text-left wp-paragraph\">\n<p>Um diese Rechte auszu\u00fcben, kontaktieren Sie uns bitte \u00fcber die Kontaktseite.<br>Wir werden Ihnen innerhalb von 30 Tagen nach Eingang Ihrer Anfrage antworten.<\/p>\n<\/div><!--advertisement--><div class=\"mx-5 sm:mx-0 sm:text-3xl text-2xl font-medium title-font mb-4 text-gray-900 text-left\">\n<h2 class=\"wp-block-heading\" id=\"h-viii-privacy-dei-minori\"><strong>VIII. Schutz der Privatsph\u00e4re von Minderj\u00e4hrigen<\/strong><\/h2>\n<\/div><div class=\"mx-5 sm:mx-0 prose leading-relaxed text-lg mb-5 text-left wp-paragraph\">\n<p>Die Website richtet sich an Nutzer ab 18 Jahren.<br>Wir erfassen wissentlich keine personenbezogenen Daten von Minderj\u00e4hrigen.<br>Sollten wir Kenntnis von der versehentlichen Erfassung von Daten Minderj\u00e4hriger erlangen, werden wir diese umgehend l\u00f6schen.<\/p>\n<\/div><!--advertisement--><div class=\"mx-5 sm:mx-0 sm:text-3xl text-2xl font-medium title-font mb-4 text-gray-900 text-left\">\n<h2 class=\"wp-block-heading\" id=\"h-ix-trasferimenti-internazionali-di-dati\"><strong>IX. Internationale Daten\u00fcbermittlung<\/strong><\/h2>\n<\/div><div class=\"mx-5 sm:mx-0 prose leading-relaxed text-lg mb-5 text-left wp-paragraph\">\n<p>Ihre Daten k\u00f6nnen in andere L\u00e4nder als Ihr Wohnsitzland, einschlie\u00dflich Estland und den Vereinigten Staaten, \u00fcbermittelt und dort verarbeitet werden.<br>Wir stellen sicher, dass solche \u00dcbermittlungen in \u00dcbereinstimmung mit den europ\u00e4ischen Datenschutzgesetzen und unter Einhaltung geeigneter Sicherheitsma\u00dfnahmen erfolgen.<\/p>\n<\/div><!--advertisement--><div class=\"mx-5 sm:mx-0 sm:text-3xl text-2xl font-medium title-font mb-4 text-gray-900 text-left\">\n<h2 class=\"wp-block-heading\" id=\"h-x-modifiche-alla-politica\"><strong>X. \u00c4nderungen der Richtlinie<\/strong><\/h2>\n<\/div><div class=\"mx-5 sm:mx-0 prose leading-relaxed text-lg mb-5 text-left wp-paragraph\">\n<p>CreditStacker O\u00dc beh\u00e4lt sich das Recht vor, diese Richtlinie jederzeit zu \u00e4ndern oder zu aktualisieren.<br>Alle \u00c4nderungen werden mit dem jeweiligen Aktualisierungsdatum auf dieser Seite ver\u00f6ffentlicht.<br>Durch Ihre weitere Nutzung der Website nach solchen \u00c4nderungen erkl\u00e4ren Sie sich mit diesen \u00c4nderungen einverstanden.<\/p>\n<\/div><!--advertisement--><div class=\"mx-5 sm:mx-0 sm:text-3xl text-2xl font-medium title-font mb-4 text-gray-900 text-left\">\n<h3 class=\"wp-block-heading\" id=\"h-contatti\"><strong>Kontakte<\/strong><\/h3>\n<\/div><div class=\"mx-5 sm:mx-0 prose leading-relaxed text-lg mb-5 text-left wp-paragraph\">\n<p>Bei Fragen oder Anliegen zum Thema Datenschutz k\u00f6nnen Sie uns unter folgender Adresse kontaktieren:<br><a style=\" color:;\" href=\"https:\/\/smartsightings.com\/de\/contact\/\">SmartSightings-Kontaktseite<\/a><\/p>\n<\/div><div class=\"mx-5 sm:mx-0 prose leading-relaxed text-lg mb-5 text-left wp-paragraph\">\n<p class=\"has-medium-font-size\"><\/p>\n<\/div>","protected":false},"excerpt":{"rendered":"<p>Aktualisiert am 8. November 2025. Einleitung: Bei smartsightings.com, betrieben von CreditStacker O\u00dc mit Sitz in Tallinn, Estland (Handelsregisternummer: 16467237), legen wir gro\u00dfen Wert auf den Schutz der Privatsph\u00e4re unserer Nutzer. Diese Datenschutzerkl\u00e4rung beschreibt, wie wir Ihre personenbezogenen Daten erfassen, verwenden, weitergeben und sch\u00fctzen, wenn Sie unsere Website besuchen oder mit ihr interagieren. Mit der Nutzung von smartsightings.com erkl\u00e4ren Sie sich damit einverstanden\u2026 <a class=\"more-link\" href=\"https:\/\/smartsightings.com\/de\/privacy\/\">Weiterlesen <span class=\"screen-reader-text\">SmartSightings-Datenschutzrichtlinie<\/span><\/a><\/p>","protected":false},"author":1,"featured_media":0,"parent":0,"menu_order":0,"comment_status":"closed","ping_status":"open","template":"","meta":{"footnotes":""},"yoast_head":"<!-- This site is optimized with the Yoast SEO Premium plugin v18.7 (Yoast SEO v19.1) - https:\/\/yoast.com\/wordpress\/plugins\/seo\/ -->\n<title>Politica sulla Privacy di SmartSightings - Smart Sightings<\/title>\n<meta name=\"robots\" content=\"index, follow, max-snippet:-1, max-image-preview:large, max-video-preview:-1\" \/>\n<link rel=\"canonical\" href=\"https:\/\/smartsightings.com\/de\/privacy\/\" \/>\n<meta property=\"og:locale\" content=\"de_DE\" \/>\n<meta property=\"og:type\" content=\"article\" \/>\n<meta property=\"og:title\" content=\"Politica sulla Privacy di SmartSightings\" \/>\n<meta property=\"og:description\" content=\"Aggiornata il 8 novembre 2025 Introduzione Su smartsightings.com, gestito da CreditStacker O\u00dc, con sede legale a Tallinn, Estonia (Codice di Registro: 16467237), valorizziamo profondamente la privacy dei nostri utenti. Questa Politica sulla Privacy descrive come raccogliamo, utilizziamo, divulghiamo e proteggiamo le vostre informazioni personali quando visitate o interagite con il nostro sito web.Utilizzando smartsightings.com, accettate&hellip; Continue reading Politica sulla Privacy di SmartSightings\" \/>\n<meta property=\"og:url\" content=\"https:\/\/smartsightings.com\/de\/privacy\/\" \/>\n<meta property=\"og:site_name\" content=\"Smart Sightings\" \/>\n<meta property=\"article:modified_time\" content=\"2025-11-08T16:18:35+00:00\" \/>\n<meta name=\"twitter:card\" content=\"summary_large_image\" \/>\n<meta name=\"twitter:label1\" content=\"Est. reading time\" \/>\n\t<meta name=\"twitter:data1\" content=\"4 Minuten\" \/>\n<script type=\"application\/ld+json\" class=\"yoast-schema-graph\">{\"@context\":\"https:\/\/schema.org\",\"@graph\":[{\"@type\":\"WebSite\",\"@id\":\"https:\/\/smartsightings.com\/#website\",\"url\":\"https:\/\/smartsightings.com\/\",\"name\":\"Smart Sightings\",\"description\":\"\",\"potentialAction\":[{\"@type\":\"SearchAction\",\"target\":{\"@type\":\"EntryPoint\",\"urlTemplate\":\"https:\/\/smartsightings.com\/?s={search_term_string}\"},\"query-input\":\"required name=search_term_string\"}],\"inLanguage\":\"de-DE\"},{\"@type\":\"WebPage\",\"@id\":\"https:\/\/smartsightings.com\/privacy\/#webpage\",\"url\":\"https:\/\/smartsightings.com\/privacy\/\",\"name\":\"Politica sulla Privacy di SmartSightings - Smart Sightings\",\"isPartOf\":{\"@id\":\"https:\/\/smartsightings.com\/#website\"},\"datePublished\":\"2023-11-07T14:59:34+00:00\",\"dateModified\":\"2025-11-08T16:18:35+00:00\",\"breadcrumb\":{\"@id\":\"https:\/\/smartsightings.com\/privacy\/#breadcrumb\"},\"inLanguage\":\"de-DE\",\"potentialAction\":[{\"@type\":\"ReadAction\",\"target\":[\"https:\/\/smartsightings.com\/privacy\/\"]}]},{\"@type\":\"BreadcrumbList\",\"@id\":\"https:\/\/smartsightings.com\/privacy\/#breadcrumb\",\"itemListElement\":[{\"@type\":\"ListItem\",\"position\":1,\"name\":\"Home\",\"item\":\"https:\/\/smartsightings.com\/\"},{\"@type\":\"ListItem\",\"position\":2,\"name\":\"Politica sulla Privacy di SmartSightings\"}]}]}<\/script>\n<!-- \/ Yoast SEO Premium plugin. -->","yoast_head_json":{"title":"Politica sulla Privacy di SmartSightings - Smart Sightings","robots":{"index":"index","follow":"follow","max-snippet":"max-snippet:-1","max-image-preview":"max-image-preview:large","max-video-preview":"max-video-preview:-1"},"canonical":"https:\/\/smartsightings.com\/de\/privacy\/","og_locale":"de_DE","og_type":"article","og_title":"Politica sulla Privacy di SmartSightings","og_description":"Aggiornata il 8 novembre 2025 Introduzione Su smartsightings.com, gestito da CreditStacker O\u00dc, con sede legale a Tallinn, Estonia (Codice di Registro: 16467237), valorizziamo profondamente la privacy dei nostri utenti. Questa Politica sulla Privacy descrive come raccogliamo, utilizziamo, divulghiamo e proteggiamo le vostre informazioni personali quando visitate o interagite con il nostro sito web.Utilizzando smartsightings.com, accettate&hellip; Continue reading Politica sulla Privacy di SmartSightings","og_url":"https:\/\/smartsightings.com\/de\/privacy\/","og_site_name":"Smart Sightings","article_modified_time":"2025-11-08T16:18:35+00:00","twitter_card":"summary_large_image","twitter_misc":{"Est. reading time":"4 Minuten"},"schema":{"@context":"https:\/\/schema.org","@graph":[{"@type":"WebSite","@id":"https:\/\/smartsightings.com\/#website","url":"https:\/\/smartsightings.com\/","name":"Smart Sightings","description":"","potentialAction":[{"@type":"SearchAction","target":{"@type":"EntryPoint","urlTemplate":"https:\/\/smartsightings.com\/?s={search_term_string}"},"query-input":"required name=search_term_string"}],"inLanguage":"de-DE"},{"@type":"WebPage","@id":"https:\/\/smartsightings.com\/privacy\/#webpage","url":"https:\/\/smartsightings.com\/privacy\/","name":"Politica sulla Privacy di SmartSightings - Smart Sightings","isPartOf":{"@id":"https:\/\/smartsightings.com\/#website"},"datePublished":"2023-11-07T14:59:34+00:00","dateModified":"2025-11-08T16:18:35+00:00","breadcrumb":{"@id":"https:\/\/smartsightings.com\/privacy\/#breadcrumb"},"inLanguage":"de-DE","potentialAction":[{"@type":"ReadAction","target":["https:\/\/smartsightings.com\/privacy\/"]}]},{"@type":"BreadcrumbList","@id":"https:\/\/smartsightings.com\/privacy\/#breadcrumb","itemListElement":[{"@type":"ListItem","position":1,"name":"Home","item":"https:\/\/smartsightings.com\/"},{"@type":"ListItem","position":2,"name":"Politica sulla Privacy di SmartSightings"}]}]}},"_links":{"self":[{"href":"https:\/\/smartsightings.com\/de\/wp-json\/wp\/v2\/pages\/3"}],"collection":[{"href":"https:\/\/smartsightings.com\/de\/wp-json\/wp\/v2\/pages"}],"about":[{"href":"https:\/\/smartsightings.com\/de\/wp-json\/wp\/v2\/types\/page"}],"author":[{"embeddable":true,"href":"https:\/\/smartsightings.com\/de\/wp-json\/wp\/v2\/users\/1"}],"replies":[{"embeddable":true,"href":"https:\/\/smartsightings.com\/de\/wp-json\/wp\/v2\/comments?post=3"}],"version-history":[{"count":0,"href":"https:\/\/smartsightings.com\/de\/wp-json\/wp\/v2\/pages\/3\/revisions"}],"wp:attachment":[{"href":"https:\/\/smartsightings.com\/de\/wp-json\/wp\/v2\/media?parent=3"}],"curies":[{"name":"wp","href":"https:\/\/api.w.org\/{rel}","templated":true}]}}