{"id":2521,"date":"2023-11-14T13:09:04","date_gmt":"2023-11-14T13:09:04","guid":{"rendered":"https:\/\/smartsightings.com\/?page_id=2521"},"modified":"2025-11-08T16:29:30","modified_gmt":"2025-11-08T16:29:30","slug":"terms","status":"publish","type":"page","link":"https:\/\/smartsightings.com\/es\/terms\/","title":{"rendered":"Termini e Condizioni di SmartSightings"},"content":{"rendered":"<div class=\"mx-5 sm:mx-0 prose leading-relaxed text-lg mb-5 text-left wp-paragraph\">\n<p><em>Aggiornati il 8 novembre 2025<\/em><\/p>\n<\/div><!--advertisement--><div class=\"mx-5 sm:mx-0 sm:text-3xl text-2xl font-medium title-font mb-4 text-gray-900 text-left\">\n<h2 class=\"wp-block-heading\" id=\"h-introduzione\"><strong>Introduzione<\/strong><\/h2>\n<\/div><div class=\"mx-5 sm:mx-0 prose leading-relaxed text-lg mb-5 text-left wp-paragraph\">\n<p>Benvenuti su <em>SmartSightings<\/em> (<a style=\" color:;\" href=\"https:\/\/smartsightings.com\/es\/\">https:\/\/smartsightings.com<\/a>), una pubblicazione digitale gestita da <strong>CreditStacker O\u00dc<\/strong>, societ\u00e0 registrata in Estonia (Codice di Registro 16467237), con sede a Tallinn.<br>SmartSightings fornisce contenuti educativi e informativi relativi a prodotti finanziari, credito, investimenti e tecnologia.<\/p>\n<\/div><div class=\"mx-5 sm:mx-0 prose leading-relaxed text-lg mb-5 text-left wp-paragraph\">\n<p>L\u2019accesso e l\u2019utilizzo del sito implicano l\u2019accettazione piena dei presenti Termini e della nostra <a style=\" color:;\" href=\"https:\/\/smartsightings.com\/es\/privacy\/\"><strong>Politica sulla Privacy<\/strong>.<\/a><br>Se non siete d\u2019accordo con una qualsiasi parte, siete pregati di interrompere l\u2019utilizzo del sito.<\/p>\n<\/div><div class=\"mx-5 sm:mx-0 prose text-left mb-5\">\n<hr class=\"wp-block-separator has-alpha-channel-opacity\"\/>\n<\/div><!--advertisement--><div class=\"mx-5 sm:mx-0 sm:text-3xl text-2xl font-medium title-font mb-4 text-gray-900 text-left\">\n<h2 class=\"wp-block-heading\" id=\"h-articolo-i-idoneita-e-accettazione\"><strong>Articolo I \u2013 Idoneit\u00e0 e Accettazione<\/strong><\/h2>\n<\/div><div class=\"mx-5 sm:mx-0 prose leading-relaxed text-lg mb-5 text-left wp-paragraph\">\n<p>1.1 Utilizzando questo sito, dichiarate di avere almeno 18 anni e di essere legalmente capaci di stipulare contratti vincolanti.<br>1.2 L\u2019uso continuato del sito costituisce accettazione integrale dei Termini e della Politica sulla Privacy.<br>1.3 CreditStacker O\u00dc si riserva il diritto di sospendere o terminare l\u2019accesso in caso di violazione dei Termini o delle leggi applicabili.<\/p>\n<\/div><div class=\"mx-5 sm:mx-0 prose text-left mb-5\">\n<hr class=\"wp-block-separator has-alpha-channel-opacity\"\/>\n<\/div><!--advertisement--><div class=\"mx-5 sm:mx-0 sm:text-3xl text-2xl font-medium title-font mb-4 text-gray-900 text-left\">\n<h2 class=\"wp-block-heading\" id=\"h-articolo-ii-scopo-e-ambito\"><strong>Articolo II \u2013 Scopo e Ambito<\/strong><\/h2>\n<\/div><div class=\"mx-5 sm:mx-0 prose leading-relaxed text-lg mb-5 text-left wp-paragraph\">\n<p>2.1 <em>SmartSightings<\/em> offre contenuti informativi a scopo educativo e divulgativo.<br>2.2 Le informazioni fornite non costituiscono consulenza finanziaria, legale o professionale.<br>2.3 I contenuti possono essere aggiornati o modificati senza preavviso per garantire accuratezza e attualit\u00e0.<\/p>\n<\/div><div class=\"mx-5 sm:mx-0 prose text-left mb-5\">\n<hr class=\"wp-block-separator has-alpha-channel-opacity\"\/>\n<\/div><!--advertisement--><div class=\"mx-5 sm:mx-0 sm:text-3xl text-2xl font-medium title-font mb-4 text-gray-900 text-left\">\n<h2 class=\"wp-block-heading\" id=\"h-articolo-iii-contatti-e-comunicazioni\"><strong>Articolo III \u2013 Contatti e Comunicazioni<\/strong><\/h2>\n<\/div><div class=\"mx-5 sm:mx-0 prose leading-relaxed text-lg mb-5 text-left wp-paragraph\">\n<p>3.1 \u00c8 possibile contattarci tramite la <strong>Pagina Contatti<\/strong> del sito <a style=\" color:;\" href=\"https:\/\/smartsightings.com\/es\/contact\/\">https:\/\/smartsightings.com\/contact<\/a> <br>3.2 Le comunicazioni inviate possono essere archiviate conformemente alla nostra Politica sulla Privacy.<br>3.3 Messaggi offensivi o spam potranno essere eliminati o segnalati alle autorit\u00e0 competenti.<\/p>\n<\/div><div class=\"mx-5 sm:mx-0 prose text-left mb-5\">\n<hr class=\"wp-block-separator has-alpha-channel-opacity\"\/>\n<\/div><!--advertisement--><div class=\"mx-5 sm:mx-0 sm:text-3xl text-2xl font-medium title-font mb-4 text-gray-900 text-left\">\n<h2 class=\"wp-block-heading\" id=\"h-articolo-iv-responsabilita-dell-utente-e-uso-consentito\"><strong>Articolo IV \u2013 Responsabilit\u00e0 dell\u2019Utente e Uso Consentito<\/strong><\/h2>\n<\/div><div class=\"mx-5 sm:mx-0 prose leading-relaxed text-lg mb-5 text-left wp-paragraph\">\n<p>4.1 L\u2019utente si impegna a utilizzare il sito in modo lecito, corretto e rispettoso.<br>4.2 \u00c8 vietato:<\/p>\n<\/div><div class=\"mx-5 sm:mx-0 prose text-left mb-5\">\n<ul><div class=\"mx-5 sm:mx-0 prose text-left mb-5\">\n<li>violare leggi o regolamenti vigenti;<\/li>\n<\/div>\n\n<div class=\"mx-5 sm:mx-0 prose text-left mb-5\">\n<li>diffondere virus, spyware o codice dannoso;<\/li>\n<\/div>\n\n<div class=\"mx-5 sm:mx-0 prose text-left mb-5\">\n<li>copiare, modificare o distribuire i contenuti senza autorizzazione scritta;<\/li>\n<\/div>\n\n<div class=\"mx-5 sm:mx-0 prose text-left mb-5\">\n<li>raccogliere dati o utilizzare il sito per attivit\u00e0 fraudolente o promozionali non autorizzate.<br>4.3 La violazione di queste regole pu\u00f2 comportare la sospensione dell\u2019accesso e azioni legali.<\/li>\n<\/div><\/ul>\n<\/div><div class=\"mx-5 sm:mx-0 prose text-left mb-5\">\n<hr class=\"wp-block-separator has-alpha-channel-opacity\"\/>\n<\/div><!--advertisement--><div class=\"mx-5 sm:mx-0 sm:text-3xl text-2xl font-medium title-font mb-4 text-gray-900 text-left\">\n<h2 class=\"wp-block-heading\" id=\"h-articolo-v-proprieta-intellettuale\"><strong>Articolo V \u2013 Propriet\u00e0 Intellettuale<\/strong><\/h2>\n<\/div><div class=\"mx-5 sm:mx-0 prose leading-relaxed text-lg mb-5 text-left wp-paragraph\">\n<p>5.1 Tutti i contenuti pubblicati su <em>SmartSightings<\/em> \u2014 testi, immagini, grafica, loghi e codice \u2014 sono di propriet\u00e0 di <strong>CreditStacker O\u00dc<\/strong> o dei suoi licenziatari.<br>5.2 \u00c8 vietata la riproduzione, modifica o distribuzione non autorizzata dei materiali del sito.<br>5.3 \u00c8 consentito condividere estratti a fini non commerciali, purch\u00e9 venga citata chiaramente la fonte e inserito un link visibile a <em>smartsightings.com<\/em>.<\/p>\n<\/div><div class=\"mx-5 sm:mx-0 prose text-left mb-5\">\n<hr class=\"wp-block-separator has-alpha-channel-opacity\"\/>\n<\/div><!--advertisement--><div class=\"mx-5 sm:mx-0 sm:text-3xl text-2xl font-medium title-font mb-4 text-gray-900 text-left\">\n<h2 class=\"wp-block-heading\" id=\"h-articolo-vi-collegamenti-esterni-e-servizi-di-terzi\"><strong>Articolo VI \u2013 Collegamenti Esterni e Servizi di Terzi<\/strong><\/h2>\n<\/div><div class=\"mx-5 sm:mx-0 prose leading-relaxed text-lg mb-5 text-left wp-paragraph\">\n<p>6.1 Il sito pu\u00f2 contenere collegamenti a siti web di terze parti. Questi link sono forniti solo a scopo informativo.<br>6.2 Non controlliamo n\u00e9 garantiamo il contenuto o le politiche di tali siti. L\u2019uso di risorse esterne \u00e8 a rischio dell\u2019utente.<\/p>\n<\/div><div class=\"mx-5 sm:mx-0 prose text-left mb-5\">\n<hr class=\"wp-block-separator has-alpha-channel-opacity\"\/>\n<\/div><!--advertisement--><div class=\"mx-5 sm:mx-0 sm:text-3xl text-2xl font-medium title-font mb-4 text-gray-900 text-left\">\n<h2 class=\"wp-block-heading\" id=\"h-articolo-vii-esclusione-di-responsabilita\"><strong>Articolo VII \u2013 Esclusione di Responsabilit\u00e0<\/strong><\/h2>\n<\/div><div class=\"mx-5 sm:mx-0 prose leading-relaxed text-lg mb-5 text-left wp-paragraph\">\n<p>7.1 Tutte le informazioni e i servizi sono forniti \u201ccos\u00ec come sono\u201d (\u201cas is\u201d), senza garanzie di alcun tipo.<br>7.2 Non garantiamo l\u2019assenza di errori o interruzioni del servizio.<br>7.3 CreditStacker O\u00dc non sar\u00e0 responsabile per:<\/p>\n<\/div><div class=\"mx-5 sm:mx-0 prose text-left mb-5\">\n<ul><div class=\"mx-5 sm:mx-0 prose text-left mb-5\">\n<li>errori o omissioni nei contenuti;<\/li>\n<\/div>\n\n<div class=\"mx-5 sm:mx-0 prose text-left mb-5\">\n<li>danni indiretti o consequenziali derivanti dall\u2019uso del sito;<\/li>\n<\/div>\n\n<div class=\"mx-5 sm:mx-0 prose text-left mb-5\">\n<li>perdite di dati o accessi non autorizzati.<br>7.4 L\u2019uso del sito \u00e8 a esclusivo rischio dell\u2019utente.<\/li>\n<\/div><\/ul>\n<\/div><div class=\"mx-5 sm:mx-0 prose text-left mb-5\">\n<hr class=\"wp-block-separator has-alpha-channel-opacity\"\/>\n<\/div><!--advertisement--><div class=\"mx-5 sm:mx-0 sm:text-3xl text-2xl font-medium title-font mb-4 text-gray-900 text-left\">\n<h2 class=\"wp-block-heading\" id=\"h-articolo-viii-limitazione-di-responsabilita\"><strong>Articolo VIII \u2013 Limitazione di Responsabilit\u00e0<\/strong><\/h2>\n<\/div><div class=\"mx-5 sm:mx-0 prose leading-relaxed text-lg mb-5 text-left wp-paragraph\">\n<p>8.1 Nella misura massima consentita dalla legge, CreditStacker O\u00dc declina ogni responsabilit\u00e0 per danni diretti o indiretti derivanti dall\u2019uso del sito o delle informazioni fornite.<br>8.2 In ogni caso, la responsabilit\u00e0 complessiva non potr\u00e0 superare il valore di 100 euro.<\/p>\n<\/div><div class=\"mx-5 sm:mx-0 prose text-left mb-5\">\n<hr class=\"wp-block-separator has-alpha-channel-opacity\"\/>\n<\/div><!--advertisement--><div class=\"mx-5 sm:mx-0 sm:text-3xl text-2xl font-medium title-font mb-4 text-gray-900 text-left\">\n<h2 class=\"wp-block-heading\" id=\"h-articolo-ix-standard-editoriali-e-trasparenza\"><strong>Articolo IX \u2013 Standard Editoriali e Trasparenza<\/strong><\/h2>\n<\/div><div class=\"mx-5 sm:mx-0 prose leading-relaxed text-lg mb-5 text-left wp-paragraph\">\n<p>9.1 <em>SmartSightings<\/em> mantiene indipendenza editoriale. I contenuti sono basati su ricerche e analisi imparziali.<br>9.2 Il sito pu\u00f2 contenere link affiliati o sponsorizzati che generano commissioni senza costi aggiuntivi per l\u2019utente.<br>9.3 Tali relazioni non influenzano le nostre valutazioni editoriali.<br>9.4 Rispettiamo le normative del <strong>Digital Services Act (UE)<\/strong> e le linee guida di trasparenza della <strong>FTC (USA)<\/strong>.<\/p>\n<\/div><div class=\"mx-5 sm:mx-0 prose text-left mb-5\">\n<hr class=\"wp-block-separator has-alpha-channel-opacity\"\/>\n<\/div><!--advertisement--><div class=\"mx-5 sm:mx-0 sm:text-3xl text-2xl font-medium title-font mb-4 text-gray-900 text-left\">\n<h2 class=\"wp-block-heading\" id=\"h-articolo-x-durata-aggiornamenti-e-modifiche\"><strong>Articolo X \u2013 Durata, Aggiornamenti e Modifiche<\/strong><\/h2>\n<\/div><div class=\"mx-5 sm:mx-0 prose leading-relaxed text-lg mb-5 text-left wp-paragraph\">\n<p>10.1 I presenti Termini restano validi fino a sostituzione o aggiornamento.<br>10.2 Possiamo modificare o interrompere in qualsiasi momento parte del sito o delle condizioni, pubblicando la versione aggiornata su questa pagina.<br>10.3 L\u2019uso continuato del sito dopo le modifiche costituisce accettazione dei nuovi Termini.<\/p>\n<\/div><div class=\"mx-5 sm:mx-0 prose text-left mb-5\">\n<hr class=\"wp-block-separator has-alpha-channel-opacity\"\/>\n<\/div><!--advertisement--><div class=\"mx-5 sm:mx-0 sm:text-3xl text-2xl font-medium title-font mb-4 text-gray-900 text-left\">\n<h2 class=\"wp-block-heading\" id=\"h-articolo-xi-legge-applicabile-e-foro-competente\"><strong>Articolo XI \u2013 Legge Applicabile e Foro Competente<\/strong><\/h2>\n<\/div><div class=\"mx-5 sm:mx-0 prose leading-relaxed text-lg mb-5 text-left wp-paragraph\">\n<p>11.1 I presenti Termini sono regolati dalle <strong>leggi della Repubblica d\u2019Estonia<\/strong>.<br>11.2 Qualsiasi controversia derivante dall\u2019uso di questo sito sar\u00e0 sottoposta alla <strong>giurisdizione esclusiva dei tribunali di Tallinn, Estonia<\/strong>.<br>11.3 Nel caso in cui una disposizione risulti invalida, le restanti rimarranno pienamente in vigore.<\/p>\n<\/div><div class=\"mx-5 sm:mx-0 prose text-left mb-5\">\n<hr class=\"wp-block-separator has-alpha-channel-opacity\"\/>\n<\/div><!--advertisement--><div class=\"mx-5 sm:mx-0 sm:text-3xl text-2xl font-medium title-font mb-4 text-gray-900 text-left\">\n<h2 class=\"wp-block-heading\" id=\"h-articolo-xii-indennizzo\"><strong>Articolo XII \u2013 Indennizzo<\/strong><\/h2>\n<\/div><div class=\"mx-5 sm:mx-0 prose leading-relaxed text-lg mb-5 text-left wp-paragraph\">\n<p>L\u2019utente accetta di difendere, indennizzare e manlevare CreditStacker O\u00dc e i suoi rappresentanti da qualsiasi reclamo o danno derivante da violazione dei presenti Termini o uso improprio del sito.<\/p>\n<\/div><div class=\"mx-5 sm:mx-0 prose text-left mb-5\">\n<hr class=\"wp-block-separator has-alpha-channel-opacity\"\/>\n<\/div><!--advertisement--><div class=\"mx-5 sm:mx-0 sm:text-3xl text-2xl font-medium title-font mb-4 text-gray-900 text-left\">\n<h2 class=\"wp-block-heading\" id=\"h-articolo-xiii-accordo-integrale\"><strong>Articolo XIII \u2013 Accordo Integrale<\/strong><\/h2>\n<\/div><div class=\"mx-5 sm:mx-0 prose leading-relaxed text-lg mb-5 text-left wp-paragraph\">\n<p>Questi Termini, insieme alla <strong>Politica sulla Privacy<\/strong>, costituiscono l\u2019accordo completo tra l\u2019utente e CreditStacker O\u00dc e sostituiscono eventuali intese precedenti.<\/p>\n<\/div><div class=\"mx-5 sm:mx-0 prose text-left mb-5\">\n<hr class=\"wp-block-separator has-alpha-channel-opacity\"\/>\n<\/div><div class=\"mx-5 sm:mx-0 prose leading-relaxed text-lg mb-5 text-left wp-paragraph\">\n<p><strong>Contatti:<\/strong> <a style=\" color:;\" href=\"https:\/\/smartsightings.com\/es\/contact\/\">Pagina Contatti di SmartSightings<\/a><\/p>\n<\/div><div class=\"mx-5 sm:mx-0 prose leading-relaxed text-lg mb-5 text-left wp-paragraph\">\n<p><\/p>\n<\/div>","protected":false},"excerpt":{"rendered":"<p>Aggiornati il 8 novembre 2025 Introduzione Benvenuti su SmartSightings (https:\/\/smartsightings.com), una pubblicazione digitale gestita da CreditStacker O\u00dc, societ\u00e0 registrata in Estonia (Codice di Registro 16467237), con sede a Tallinn.SmartSightings fornisce contenuti educativi e informativi relativi a prodotti finanziari, credito, investimenti e tecnologia. L\u2019accesso e l\u2019utilizzo del sito implicano l\u2019accettazione piena dei presenti Termini e della&hellip; <a class=\"more-link\" href=\"https:\/\/smartsightings.com\/es\/terms\/\">Continue reading <span class=\"screen-reader-text\">Termini e Condizioni di SmartSightings<\/span><\/a><\/p>","protected":false},"author":10,"featured_media":0,"parent":0,"menu_order":0,"comment_status":"closed","ping_status":"closed","template":"","meta":{"footnotes":""},"yoast_head":"<!-- This site is optimized with the Yoast SEO Premium plugin v18.7 (Yoast SEO v19.1) - https:\/\/yoast.com\/wordpress\/plugins\/seo\/ -->\n<title>Termini e Condizioni di SmartSightings<\/title>\n<meta name=\"robots\" content=\"index, follow, max-snippet:-1, max-image-preview:large, max-video-preview:-1\" \/>\n<link rel=\"canonical\" href=\"https:\/\/smartsightings.com\/es\/terms\/\" \/>\n<meta property=\"og:locale\" content=\"es_ES\" \/>\n<meta property=\"og:type\" content=\"article\" \/>\n<meta property=\"og:title\" content=\"Termini e Condizioni di SmartSightings\" \/>\n<meta property=\"og:description\" content=\"Aggiornati il 8 novembre 2025 Introduzione Benvenuti su SmartSightings (https:\/\/smartsightings.com), una pubblicazione digitale gestita da CreditStacker O\u00dc, societ\u00e0 registrata in Estonia (Codice di Registro 16467237), con sede a Tallinn.SmartSightings fornisce contenuti educativi e informativi relativi a prodotti finanziari, credito, investimenti e tecnologia. L\u2019accesso e l\u2019utilizzo del sito implicano l\u2019accettazione piena dei presenti Termini e della&hellip; Continue reading Termini e Condizioni di SmartSightings\" \/>\n<meta property=\"og:url\" content=\"https:\/\/smartsightings.com\/es\/terms\/\" \/>\n<meta property=\"og:site_name\" content=\"Smart Sightings\" \/>\n<meta property=\"article:modified_time\" content=\"2025-11-08T16:29:30+00:00\" \/>\n<meta name=\"twitter:card\" content=\"summary_large_image\" \/>\n<meta name=\"twitter:label1\" content=\"Est. reading time\" \/>\n\t<meta name=\"twitter:data1\" content=\"4 minutos\" \/>\n<script type=\"application\/ld+json\" class=\"yoast-schema-graph\">{\"@context\":\"https:\/\/schema.org\",\"@graph\":[{\"@type\":\"WebSite\",\"@id\":\"https:\/\/smartsightings.com\/#website\",\"url\":\"https:\/\/smartsightings.com\/\",\"name\":\"Smart Sightings\",\"description\":\"\",\"potentialAction\":[{\"@type\":\"SearchAction\",\"target\":{\"@type\":\"EntryPoint\",\"urlTemplate\":\"https:\/\/smartsightings.com\/?s={search_term_string}\"},\"query-input\":\"required name=search_term_string\"}],\"inLanguage\":\"es\"},{\"@type\":\"WebPage\",\"@id\":\"https:\/\/smartsightings.com\/terms\/#webpage\",\"url\":\"https:\/\/smartsightings.com\/terms\/\",\"name\":\"Termini e Condizioni di SmartSightings\",\"isPartOf\":{\"@id\":\"https:\/\/smartsightings.com\/#website\"},\"datePublished\":\"2023-11-14T13:09:04+00:00\",\"dateModified\":\"2025-11-08T16:29:30+00:00\",\"breadcrumb\":{\"@id\":\"https:\/\/smartsightings.com\/terms\/#breadcrumb\"},\"inLanguage\":\"es\",\"potentialAction\":[{\"@type\":\"ReadAction\",\"target\":[\"https:\/\/smartsightings.com\/terms\/\"]}]},{\"@type\":\"BreadcrumbList\",\"@id\":\"https:\/\/smartsightings.com\/terms\/#breadcrumb\",\"itemListElement\":[{\"@type\":\"ListItem\",\"position\":1,\"name\":\"Home\",\"item\":\"https:\/\/smartsightings.com\/\"},{\"@type\":\"ListItem\",\"position\":2,\"name\":\"Termini e Condizioni di SmartSightings\"}]}]}<\/script>\n<!-- \/ Yoast SEO Premium plugin. -->","yoast_head_json":{"title":"Termini e Condizioni di SmartSightings","robots":{"index":"index","follow":"follow","max-snippet":"max-snippet:-1","max-image-preview":"max-image-preview:large","max-video-preview":"max-video-preview:-1"},"canonical":"https:\/\/smartsightings.com\/es\/terms\/","og_locale":"es_ES","og_type":"article","og_title":"Termini e Condizioni di SmartSightings","og_description":"Aggiornati il 8 novembre 2025 Introduzione Benvenuti su SmartSightings (https:\/\/smartsightings.com), una pubblicazione digitale gestita da CreditStacker O\u00dc, societ\u00e0 registrata in Estonia (Codice di Registro 16467237), con sede a Tallinn.SmartSightings fornisce contenuti educativi e informativi relativi a prodotti finanziari, credito, investimenti e tecnologia. L\u2019accesso e l\u2019utilizzo del sito implicano l\u2019accettazione piena dei presenti Termini e della&hellip; Continue reading Termini e Condizioni di SmartSightings","og_url":"https:\/\/smartsightings.com\/es\/terms\/","og_site_name":"Smart Sightings","article_modified_time":"2025-11-08T16:29:30+00:00","twitter_card":"summary_large_image","twitter_misc":{"Est. reading time":"4 minutos"},"schema":{"@context":"https:\/\/schema.org","@graph":[{"@type":"WebSite","@id":"https:\/\/smartsightings.com\/#website","url":"https:\/\/smartsightings.com\/","name":"Smart Sightings","description":"","potentialAction":[{"@type":"SearchAction","target":{"@type":"EntryPoint","urlTemplate":"https:\/\/smartsightings.com\/?s={search_term_string}"},"query-input":"required name=search_term_string"}],"inLanguage":"es"},{"@type":"WebPage","@id":"https:\/\/smartsightings.com\/terms\/#webpage","url":"https:\/\/smartsightings.com\/terms\/","name":"Termini e Condizioni di SmartSightings","isPartOf":{"@id":"https:\/\/smartsightings.com\/#website"},"datePublished":"2023-11-14T13:09:04+00:00","dateModified":"2025-11-08T16:29:30+00:00","breadcrumb":{"@id":"https:\/\/smartsightings.com\/terms\/#breadcrumb"},"inLanguage":"es","potentialAction":[{"@type":"ReadAction","target":["https:\/\/smartsightings.com\/terms\/"]}]},{"@type":"BreadcrumbList","@id":"https:\/\/smartsightings.com\/terms\/#breadcrumb","itemListElement":[{"@type":"ListItem","position":1,"name":"Home","item":"https:\/\/smartsightings.com\/"},{"@type":"ListItem","position":2,"name":"Termini e Condizioni di SmartSightings"}]}]}},"_links":{"self":[{"href":"https:\/\/smartsightings.com\/es\/wp-json\/wp\/v2\/pages\/2521"}],"collection":[{"href":"https:\/\/smartsightings.com\/es\/wp-json\/wp\/v2\/pages"}],"about":[{"href":"https:\/\/smartsightings.com\/es\/wp-json\/wp\/v2\/types\/page"}],"author":[{"embeddable":true,"href":"https:\/\/smartsightings.com\/es\/wp-json\/wp\/v2\/users\/10"}],"replies":[{"embeddable":true,"href":"https:\/\/smartsightings.com\/es\/wp-json\/wp\/v2\/comments?post=2521"}],"version-history":[{"count":0,"href":"https:\/\/smartsightings.com\/es\/wp-json\/wp\/v2\/pages\/2521\/revisions"}],"wp:attachment":[{"href":"https:\/\/smartsightings.com\/es\/wp-json\/wp\/v2\/media?parent=2521"}],"curies":[{"name":"wp","href":"https:\/\/api.w.org\/{rel}","templated":true}]}}